{"id":7283,"date":"2024-06-16T13:59:03","date_gmt":"2024-06-16T13:59:03","guid":{"rendered":"https:\/\/www.scaffoldmfg.com\/?post_type=product&#038;p=7283"},"modified":"2024-06-16T13:59:03","modified_gmt":"2024-06-16T13:59:03","slug":"definition-of-scaffolding","status":"publish","type":"product","link":"https:\/\/www.scaffoldmfg.com\/pt\/product\/definition-of-scaffolding\/","title":{"rendered":"definition of scaffolding"},"content":{"rendered":"<p>We are  a leading manufacturer of system scaffoldings and accessories, Ringlock Scaffolding System, frame scaffolding and other related products in Qingdao City.  We have been in the business for more than 20 years, and all our products are BS 1139 and EN 74, AS 1576 certified, the quality is the best. Our products are very popular in Africa countries, Juan de Nova Island,Navassa Island,Jersey,Aruba countries, etc.<\/p>\n<table class=\"table  table-bordered text-center\">\n<thead><\/thead>\n<tbody>\n<tr>\n<td>Nome do produto<\/td>\n<td>definition of scaffolding<\/td>\n<\/tr>\n<tr>\n<td>N\u00famero da pe\u00e7a<\/td>\n<td>WTSTHR-2526<\/td>\n<\/tr>\n<tr>\n<td>Servi\u00e7o p\u00f3s-venda<\/td>\n<td>Suporte t\u00e9cnico on-line<\/td>\n<\/tr>\n<tr>\n<td>Capacidade de solu\u00e7\u00e3o de projetos<\/td>\n<td>design gr\u00e1fico, solu\u00e7\u00e3o total para projetos<\/td>\n<\/tr>\n<tr>\n<td>Tipo<\/td>\n<td>Sistema de andaimes Cuplock&nbsp;<\/td>\n<\/tr>\n<tr>\n<td>Garantia<\/td>\n<td>5 anos<\/td>\n<\/tr>\n<tr>\n<td>Servi\u00e7o p\u00f3s-venda<\/td>\n<td>Suporte t\u00e9cnico on-line<\/td>\n<\/tr>\n<tr>\n<td>Aplicativo<\/td>\n<td>Apartamento, Constru\u00e7\u00e3o de edif\u00edcio, Apartamento, Projeto de constru\u00e7\u00e3o<\/td>\n<\/tr>\n<tr>\n<td>Estilo de design<\/td>\n<td>Industrial<\/td>\n<\/tr>\n<tr>\n<td>Local de origem<\/td>\n<td>Qingdao, China<\/td>\n<\/tr>\n<tr>\n<td>N\u00famero do modelo<\/td>\n<td>Scaffolding system &#8211; 318<\/td>\n<\/tr>\n<tr>\n<td>Material<\/td>\n<td>Steel Q355\/Q235\/Q195\/Q235\/S235JR<\/td>\n<\/tr>\n<tr>\n<td>Tratamento de superf\u00edcie<\/td>\n<td>galvanizado por imers\u00e3o a quente<\/td>\n<\/tr>\n<tr>\n<td>Cor<\/td>\n<td>Requisitos do cliente<\/td>\n<\/tr>\n<tr>\n<td>Tamanho<\/td>\n<td>Bay Length 2.3mm,&nbsp;Lift Height&nbsp;1.8mm, Width507mm \/ Standard Size<\/td>\n<\/tr>\n<\/tbody>\n<\/table>\n<p style=\"text-align: center;\"><b>definition of scaffolding Workshop<\/b><\/p>\n<p style=\"text-align:center;\"><img src=\"https:\/\/www.scaffoldmfg.com\/wp-content\/uploads\/2024\/04\/Scaffolding-system-11.jpg\" atl=\"definition of scaffolding\" title=\"definition of scaffolding\"><\/p>\n<p><strong><\/strong><\/p>\n<p style=\"text-align:center;\"><img src=\"https:\/\/www.scaffoldmfg.com\/wp-content\/uploads\/2024\/04\/Scaffolding-system-3.jpg\" atl=\"definition of scaffolding\" title=\"definition of scaffolding\"><\/p>\n<p style=\"text-align: center;\"><b>Sistema de andaimes<\/b><\/p>\n<p style=\"text-align:center;\"><img src=\"https:\/\/www.scaffoldmfg.com\/wp-content\/uploads\/2024\/04\/Scaffolding-system-4.jpg\" atl=\"definition of scaffolding\" title=\"definition of scaffolding\"><\/p>\n<p><strong><\/strong><\/p>\n<p style=\"text-align:center;\"><img src=\"https:\/\/www.scaffoldmfg.com\/wp-content\/uploads\/2024\/04\/Scaffolding-system-5.jpg\" atl=\"definition of scaffolding\" title=\"definition of scaffolding\"><\/p>\n<p style=\"text-align: center;\"><b>definition of scaffolding Prdduction Process<\/b><\/p>\n<p style=\"text-align:center;\"><img src=\"https:\/\/www.scaffoldmfg.com\/wp-content\/uploads\/2024\/04\/Scaffolding-system-6.jpg\" atl=\"definition of scaffolding\" title=\"definition of scaffolding\"><\/p>\n<p><strong><\/strong><\/p>\n<p style=\"text-align:center;\"><img src=\"https:\/\/www.scaffoldmfg.com\/wp-content\/uploads\/2024\/04\/Scaffolding-system-7.jpg\" atl=\"definition of scaffolding\" title=\"definition of scaffolding\"><\/p>\n<p style=\"text-align: center;\"><b>Por setores industriais<\/b><\/p>\n<p style=\"text-align:center;\"><img src=\"https:\/\/www.scaffoldmfg.com\/wp-content\/uploads\/2024\/04\/Scaffolding-system-9.jpg\" atl=\"definition of scaffolding\" title=\"definition of scaffolding\"><\/p>\n<p><strong><\/strong><\/p>\n<p style=\"text-align:center;\"><img src=\"https:\/\/www.scaffoldmfg.com\/wp-content\/uploads\/2024\/04\/Scaffolding-system-12.jpg\" atl=\"definition of scaffolding\" title=\"definition of scaffolding\"><\/p>\n<p>Etiqueta\uff1a<a href=\"\/pt\/product\/ring-lock-scaffolding\/\">ring lock scaffolding<\/a>,<a href=\"https:\/\/www.scaffoldmfg.com\/pt\/product\/cuplock-scaffolding\/\">cuplock scaffolding<\/a>   <a href=\"https:\/\/www.scaffoldmfg.com\/pt\/\">fabricantes de andaimes<\/a><\/p>\n<p><\/p>\n\n\n<div class=\"kk-star-ratings kksr-auto kksr-align-left kksr-valign-bottom kksr-disabled\"\n    data-payload='{&quot;align&quot;:&quot;left&quot;,&quot;id&quot;:&quot;7283&quot;,&quot;readonly&quot;:&quot;1&quot;,&quot;slug&quot;:&quot;default&quot;,&quot;valign&quot;:&quot;bottom&quot;,&quot;ignore&quot;:&quot;&quot;,&quot;reference&quot;:&quot;auto&quot;,&quot;class&quot;:&quot;&quot;,&quot;count&quot;:&quot;0&quot;,&quot;legendonly&quot;:&quot;&quot;,&quot;score&quot;:&quot;0&quot;,&quot;starsonly&quot;:&quot;&quot;,&quot;best&quot;:&quot;5&quot;,&quot;gap&quot;:&quot;4&quot;,&quot;greet&quot;:&quot;Rate this product&quot;,&quot;legend&quot;:&quot;0\\\/5 - (0 voto)&quot;,&quot;size&quot;:&quot;24&quot;,&quot;title&quot;:&quot;definition of scaffolding&quot;,&quot;width&quot;:&quot;0&quot;,&quot;_legend&quot;:&quot;{score}\\\/{best} - ({count} {votes})&quot;,&quot;font_factor&quot;:&quot;1.25&quot;}'>\n            \n<div class=\"kksr-stars\">\n    \n<div class=\"kksr-stars-inactive\">\n            <div class=\"kksr-star\" data-star=\"1\" style=\"padding-right: 4px\">\n            \n\n<div class=\"kksr-icon\" style=\"width: 24px; height: 24px;\"><\/div>\n        <\/div>\n            <div class=\"kksr-star\" data-star=\"2\" style=\"padding-right: 4px\">\n            \n\n<div class=\"kksr-icon\" style=\"width: 24px; height: 24px;\"><\/div>\n        <\/div>\n            <div class=\"kksr-star\" data-star=\"3\" style=\"padding-right: 4px\">\n            \n\n<div class=\"kksr-icon\" style=\"width: 24px; height: 24px;\"><\/div>\n        <\/div>\n            <div class=\"kksr-star\" data-star=\"4\" style=\"padding-right: 4px\">\n            \n\n<div class=\"kksr-icon\" style=\"width: 24px; height: 24px;\"><\/div>\n        <\/div>\n            <div class=\"kksr-star\" data-star=\"5\" style=\"padding-right: 4px\">\n            \n\n<div class=\"kksr-icon\" style=\"width: 24px; height: 24px;\"><\/div>\n        <\/div>\n    <\/div>\n    \n<div class=\"kksr-stars-active\" style=\"width: 0px;\">\n            <div class=\"kksr-star\" style=\"padding-right: 4px\">\n            \n\n<div class=\"kksr-icon\" style=\"width: 24px; height: 24px;\"><\/div>\n        <\/div>\n            <div class=\"kksr-star\" style=\"padding-right: 4px\">\n            \n\n<div class=\"kksr-icon\" style=\"width: 24px; height: 24px;\"><\/div>\n        <\/div>\n            <div class=\"kksr-star\" style=\"padding-right: 4px\">\n            \n\n<div class=\"kksr-icon\" style=\"width: 24px; height: 24px;\"><\/div>\n        <\/div>\n            <div class=\"kksr-star\" style=\"padding-right: 4px\">\n            \n\n<div class=\"kksr-icon\" style=\"width: 24px; height: 24px;\"><\/div>\n        <\/div>\n            <div class=\"kksr-star\" style=\"padding-right: 4px\">\n            \n\n<div class=\"kksr-icon\" style=\"width: 24px; height: 24px;\"><\/div>\n        <\/div>\n    <\/div>\n<\/div>\n                \n\n<div class=\"kksr-legend\" style=\"font-size: 19.2px;\">\n            <span class=\"kksr-muted\">Avalie este produto<\/span>\n    <\/div>\n    <\/div>","protected":false},"excerpt":{"rendered":"<p>We are a leading manufacturer of system scaffoldings and accessories, Ringlock Scaffolding System, frame scaffolding and other related products in Qingdao City. We have been in the business for more than 20 years, and all our products are BS 1139 and EN 74, AS 1576 certified, the quality is the best. Our products are very [&hellip;]<\/p>\n","protected":false},"featured_media":7133,"menu_order":0,"template":"","product_category":[113],"class_list":["post-7283","product","type-product","status-publish","has-post-thumbnail","hentry","product_category-test-category"],"acf":[],"_links":{"self":[{"href":"https:\/\/www.scaffoldmfg.com\/pt\/wp-json\/wp\/v2\/product\/7283","targetHints":{"allow":["GET"]}}],"collection":[{"href":"https:\/\/www.scaffoldmfg.com\/pt\/wp-json\/wp\/v2\/product"}],"about":[{"href":"https:\/\/www.scaffoldmfg.com\/pt\/wp-json\/wp\/v2\/types\/product"}],"wp:featuredmedia":[{"embeddable":true,"href":"https:\/\/www.scaffoldmfg.com\/pt\/wp-json\/wp\/v2\/media\/7133"}],"wp:attachment":[{"href":"https:\/\/www.scaffoldmfg.com\/pt\/wp-json\/wp\/v2\/media?parent=7283"}],"wp:term":[{"taxonomy":"product_category","embeddable":true,"href":"https:\/\/www.scaffoldmfg.com\/pt\/wp-json\/wp\/v2\/product_category?post=7283"}],"curies":[{"name":"wp","href":"https:\/\/api.w.org\/{rel}","templated":true}]}}