{"id":7137,"date":"2024-04-17T13:59:43","date_gmt":"2024-04-17T13:59:43","guid":{"rendered":"https:\/\/www.scaffoldmfg.com\/?post_type=product&#038;p=7137"},"modified":"2024-04-18T12:59:49","modified_gmt":"2024-04-18T12:59:49","slug":"scaffolding-types","status":"publish","type":"product","link":"https:\/\/www.scaffoldmfg.com\/pt\/product\/tipos-de-andaimes\/","title":{"rendered":"Tipos de andaimes"},"content":{"rendered":"<p>A Qingdao WanchengTai, fabricante de sistemas de andaimes, atende ao setor de constru\u00e7\u00e3o civil h\u00e1 mais de 20 anos e tem o compromisso de fornecer produtos diversificados de andaimes para o mundo todo. A empresa j\u00e1 exportou para a Oceania, \u00c1frica, Saara Ocidental, Wallis e Futuna, Cazaquist\u00e3o, Ir\u00e3, Alb\u00e2nia, Venezuela e outros pa\u00edses e regi\u00f5es em grande quantidade.Nossos principais produtos: andaimes suspensos, andaimes para aluguel, acess\u00f3rios para andaimes, andaimes co etc.<\/p>\n<table class=\"table  table-bordered text-center\">\n<thead><\/thead>\n<tbody>\n<tr>\n<td>Nome do produto<\/td>\n<td>Tipos de andaimes<\/td>\n<\/tr>\n<tr>\n<td>N\u00famero da pe\u00e7a<\/td>\n<td>WTSTHR-2543<\/td>\n<\/tr>\n<tr>\n<td>Servi\u00e7o p\u00f3s-venda<\/td>\n<td>Suporte t\u00e9cnico on-line<\/td>\n<\/tr>\n<tr>\n<td>Capacidade de solu\u00e7\u00e3o de projetos<\/td>\n<td>design gr\u00e1fico, solu\u00e7\u00e3o total para projetos<\/td>\n<\/tr>\n<tr>\n<td>Tipo<\/td>\n<td>Sistema de andaimes Cuplock\u00a0<\/td>\n<\/tr>\n<tr>\n<td>Garantia<\/td>\n<td>5 anos<\/td>\n<\/tr>\n<tr>\n<td>Servi\u00e7o p\u00f3s-venda<\/td>\n<td>Suporte t\u00e9cnico on-line<\/td>\n<\/tr>\n<tr>\n<td>Aplicativo<\/td>\n<td>Apartamento, Constru\u00e7\u00e3o de edif\u00edcio, Apartamento, Projeto de constru\u00e7\u00e3o<\/td>\n<\/tr>\n<tr>\n<td>Estilo de design<\/td>\n<td>Industrial<\/td>\n<\/tr>\n<tr>\n<td>Local de origem<\/td>\n<td>Qingdao, China<\/td>\n<\/tr>\n<tr>\n<td>N\u00famero do modelo<\/td>\n<td>Sistema de andaimes - 466<\/td>\n<\/tr>\n<tr>\n<td>Material<\/td>\n<td>Steel Q355\/Q235\/Q195\/Q235\/S235JR<\/td>\n<\/tr>\n<tr>\n<td>Tratamento de superf\u00edcie<\/td>\n<td>galvanizado por imers\u00e3o a quente<\/td>\n<\/tr>\n<tr>\n<td>Cor<\/td>\n<td>Requisitos do cliente<\/td>\n<\/tr>\n<tr>\n<td>Tamanho<\/td>\n<td>Comprimento da baia 2,4 mm, Altura do elevador 1,9 mm, Largura475 mm \/ Tamanho padr\u00e3o<\/td>\n<\/tr>\n<\/tbody>\n<\/table>\n<p>&nbsp;<\/p>\n<p style=\"text-align: center;\"><b>Tipos de andaimes Workshop<\/b><\/p>\n<p style=\"text-align: center;\"><img title=\"Tipos de andaimes\" src=\"https:\/\/www.scaffoldmfg.com\/wp-content\/uploads\/2024\/04\/Scaffolding-system-11.jpg\" \/><\/p>\n<p>&nbsp;<\/p>\n<p style=\"text-align: center;\"><img title=\"Tipos de andaimes\" src=\"https:\/\/www.scaffoldmfg.com\/wp-content\/uploads\/2024\/04\/Scaffolding-system-3.jpg\" \/><\/p>\n<p style=\"text-align: center;\"><b>Sistema de andaimes<\/b><\/p>\n<p style=\"text-align: center;\"><img title=\"Tipos de andaimes\" src=\"https:\/\/www.scaffoldmfg.com\/wp-content\/uploads\/2024\/04\/Scaffolding-system-4.jpg\" \/><\/p>\n<p>&nbsp;<\/p>\n<p style=\"text-align: center;\"><img title=\"Tipos de andaimes\" src=\"https:\/\/www.scaffoldmfg.com\/wp-content\/uploads\/2024\/04\/Scaffolding-system-5.jpg\" \/><\/p>\n<p style=\"text-align: center;\"><b>Tipos de andaimes Processo de produ\u00e7\u00e3o<\/b><\/p>\n<p style=\"text-align: center;\"><img title=\"Tipos de andaimes\" src=\"https:\/\/www.scaffoldmfg.com\/wp-content\/uploads\/2024\/04\/Scaffolding-system-6.jpg\" \/><\/p>\n<p>&nbsp;<\/p>\n<p style=\"text-align: center;\"><img title=\"Tipos de andaimes\" src=\"https:\/\/www.scaffoldmfg.com\/wp-content\/uploads\/2024\/04\/Scaffolding-system-7.jpg\" \/><\/p>\n<p style=\"text-align: center;\"><b>Por setores industriais<\/b><\/p>\n<p style=\"text-align: center;\"><img title=\"Tipos de andaimes\" src=\"https:\/\/www.scaffoldmfg.com\/wp-content\/uploads\/2024\/04\/Scaffolding-system-9.jpg\" \/><\/p>\n<p>&nbsp;<\/p>\n<p style=\"text-align: center;\"><img title=\"Tipos de andaimes\" src=\"https:\/\/www.scaffoldmfg.com\/wp-content\/uploads\/2024\/04\/Scaffolding-system-12.jpg\" \/><\/p>\n<p>&nbsp;<\/p>\n\n\n<div class=\"kk-star-ratings kksr-auto kksr-align-left kksr-valign-bottom kksr-disabled\"\n    data-payload='{&quot;align&quot;:&quot;left&quot;,&quot;id&quot;:&quot;7137&quot;,&quot;readonly&quot;:&quot;1&quot;,&quot;slug&quot;:&quot;default&quot;,&quot;valign&quot;:&quot;bottom&quot;,&quot;ignore&quot;:&quot;&quot;,&quot;reference&quot;:&quot;auto&quot;,&quot;class&quot;:&quot;&quot;,&quot;count&quot;:&quot;0&quot;,&quot;legendonly&quot;:&quot;&quot;,&quot;score&quot;:&quot;0&quot;,&quot;starsonly&quot;:&quot;&quot;,&quot;best&quot;:&quot;5&quot;,&quot;gap&quot;:&quot;4&quot;,&quot;greet&quot;:&quot;Rate this product&quot;,&quot;legend&quot;:&quot;0\\\/5 - (0 voto)&quot;,&quot;size&quot;:&quot;24&quot;,&quot;title&quot;:&quot;scaffolding types&quot;,&quot;width&quot;:&quot;0&quot;,&quot;_legend&quot;:&quot;{score}\\\/{best} - ({count} {votes})&quot;,&quot;font_factor&quot;:&quot;1.25&quot;}'>\n            \n<div class=\"kksr-stars\">\n    \n<div class=\"kksr-stars-inactive\">\n            <div class=\"kksr-star\" data-star=\"1\" style=\"padding-right: 4px\">\n            \n\n<div class=\"kksr-icon\" style=\"width: 24px; height: 24px;\"><\/div>\n        <\/div>\n            <div class=\"kksr-star\" data-star=\"2\" style=\"padding-right: 4px\">\n            \n\n<div class=\"kksr-icon\" style=\"width: 24px; height: 24px;\"><\/div>\n        <\/div>\n            <div class=\"kksr-star\" data-star=\"3\" style=\"padding-right: 4px\">\n            \n\n<div class=\"kksr-icon\" style=\"width: 24px; height: 24px;\"><\/div>\n        <\/div>\n            <div class=\"kksr-star\" data-star=\"4\" style=\"padding-right: 4px\">\n            \n\n<div class=\"kksr-icon\" style=\"width: 24px; height: 24px;\"><\/div>\n        <\/div>\n            <div class=\"kksr-star\" data-star=\"5\" style=\"padding-right: 4px\">\n            \n\n<div class=\"kksr-icon\" style=\"width: 24px; height: 24px;\"><\/div>\n        <\/div>\n    <\/div>\n    \n<div class=\"kksr-stars-active\" style=\"width: 0px;\">\n            <div class=\"kksr-star\" style=\"padding-right: 4px\">\n            \n\n<div class=\"kksr-icon\" style=\"width: 24px; height: 24px;\"><\/div>\n        <\/div>\n            <div class=\"kksr-star\" style=\"padding-right: 4px\">\n            \n\n<div class=\"kksr-icon\" style=\"width: 24px; height: 24px;\"><\/div>\n        <\/div>\n            <div class=\"kksr-star\" style=\"padding-right: 4px\">\n            \n\n<div class=\"kksr-icon\" style=\"width: 24px; height: 24px;\"><\/div>\n        <\/div>\n            <div class=\"kksr-star\" style=\"padding-right: 4px\">\n            \n\n<div class=\"kksr-icon\" style=\"width: 24px; height: 24px;\"><\/div>\n        <\/div>\n            <div class=\"kksr-star\" style=\"padding-right: 4px\">\n            \n\n<div class=\"kksr-icon\" style=\"width: 24px; height: 24px;\"><\/div>\n        <\/div>\n    <\/div>\n<\/div>\n                \n\n<div class=\"kksr-legend\" style=\"font-size: 19.2px;\">\n            <span class=\"kksr-muted\">Avalie este produto<\/span>\n    <\/div>\n    <\/div>","protected":false},"excerpt":{"rendered":"<p>Qingdao WanchengTai, a Scaffolding System manufacturer has been serving the building industry for a combined period of more than 20 years and is committed to supplying diversified scaffolding products to the world. it has exported to the Oceania,Africa, Western Sahara,Wallis and Futuna,Kazakhstan,Iran,Albania,Venezuela, and other countries and regions with big quantity.We has been adhering to everything [&hellip;]<\/p>\n","protected":false},"featured_media":7133,"menu_order":0,"template":"","product_category":[113],"class_list":["post-7137","product","type-product","status-publish","has-post-thumbnail","hentry","product_category-test-category"],"acf":[],"_links":{"self":[{"href":"https:\/\/www.scaffoldmfg.com\/pt\/wp-json\/wp\/v2\/product\/7137","targetHints":{"allow":["GET"]}}],"collection":[{"href":"https:\/\/www.scaffoldmfg.com\/pt\/wp-json\/wp\/v2\/product"}],"about":[{"href":"https:\/\/www.scaffoldmfg.com\/pt\/wp-json\/wp\/v2\/types\/product"}],"wp:featuredmedia":[{"embeddable":true,"href":"https:\/\/www.scaffoldmfg.com\/pt\/wp-json\/wp\/v2\/media\/7133"}],"wp:attachment":[{"href":"https:\/\/www.scaffoldmfg.com\/pt\/wp-json\/wp\/v2\/media?parent=7137"}],"wp:term":[{"taxonomy":"product_category","embeddable":true,"href":"https:\/\/www.scaffoldmfg.com\/pt\/wp-json\/wp\/v2\/product_category?post=7137"}],"curies":[{"name":"wp","href":"https:\/\/api.w.org\/{rel}","templated":true}]}}