{"id":7451,"date":"2024-07-23T14:25:16","date_gmt":"2024-07-23T14:25:16","guid":{"rendered":"https:\/\/www.scaffoldmfg.com\/?post_type=product&#038;p=7451"},"modified":"2024-07-23T14:25:16","modified_gmt":"2024-07-23T14:25:16","slug":"scaffolding-supplies","status":"publish","type":"product","link":"https:\/\/www.scaffoldmfg.com\/fr\/product\/fournitures-dechafaudage\/","title":{"rendered":"fournitures d'\u00e9chafaudage"},"content":{"rendered":"<p>Qingdao WanchengTai est le d\u00e9partement des affaires internationales du groupe Qingdao Wancheng, qui a construit un nouveau parc industriel de plus de 10 000 m2. Notre capacit\u00e9 de production peut atteindre jusqu'\u00e0 50 000 tonnes par an dans des conditions optimales.<\/p>\n<p>Wancheng a mis en place un syst\u00e8me complet de contr\u00f4le de la qualit\u00e9 et d'inspection conforme \u00e0 la norme ISO 9001. Nous avons obtenu les certificats n\u00e9cessaires pour les diff\u00e9rents march\u00e9s, les certificats d'essai ANSI SC100, les certificats d'essai AS\/NZS 1576\/1577 et le certificat CE en cours d'obtention.<\/p>\n<table class=\"table  table-bordered text-center\">\n<thead><\/thead>\n<tbody>\n<tr>\n<td>Nom du produit<\/td>\n<td>fournitures d'\u00e9chafaudage<\/td>\n<\/tr>\n<tr>\n<td>N\u00b0 de pi\u00e8ce<\/td>\n<td>WTSTHR-2956<\/td>\n<\/tr>\n<tr>\n<td>Service apr\u00e8s-vente<\/td>\n<td>Assistance technique en ligne<\/td>\n<\/tr>\n<tr>\n<td>Capacit\u00e9 de solution de projet<\/td>\n<td>conception graphique, solution globale pour les projets<\/td>\n<\/tr>\n<tr>\n<td>Type<\/td>\n<td>\u00c9tais d'\u00e9tayage&nbsp;<\/td>\n<\/tr>\n<tr>\n<td>Garantie<\/td>\n<td>5 ans<\/td>\n<\/tr>\n<tr>\n<td>Service apr\u00e8s-vente<\/td>\n<td>Assistance technique en ligne<\/td>\n<\/tr>\n<tr>\n<td>Application<\/td>\n<td>Appartement, construction d'un b\u00e2timent, appartement, projet de construction<\/td>\n<\/tr>\n<tr>\n<td>Style de conception<\/td>\n<td>Industriel<\/td>\n<\/tr>\n<tr>\n<td>Lieu d'origine<\/td>\n<td>Qingdao, Chine<\/td>\n<\/tr>\n<tr>\n<td>Num\u00e9ro de mod\u00e8le<\/td>\n<td>Scaffolding system &#8211; 359<\/td>\n<\/tr>\n<tr>\n<td>Mat\u00e9riau<\/td>\n<td>Steel Q355\/Q235\/Q195\/Q235\/S235JR<\/td>\n<\/tr>\n<tr>\n<td>Traitement de surface<\/td>\n<td>galvanis\u00e9 \u00e0 chaud<\/td>\n<\/tr>\n<tr>\n<td>Couleur<\/td>\n<td>Exigences des clients<\/td>\n<\/tr>\n<tr>\n<td>Taille<\/td>\n<td>Bay Length 2.1mm,&nbsp;Lift Height&nbsp;1.5mm, Width459mm \/ Standard Size<\/td>\n<\/tr>\n<\/tbody>\n<\/table>\n<p style=\"text-align: center;\"><b>scaffolding supplies Workshop<\/b><\/p>\n<p style=\"text-align:center;\"><img src=\"https:\/\/www.scaffoldmfg.com\/wp-content\/uploads\/2024\/04\/Scaffolding-system-11.jpg\" atl=\"scaffolding supplies\" title=\"fournitures d&#039;\u00e9chafaudage\"><\/p>\n<p><strong><\/strong><\/p>\n<p style=\"text-align:center;\"><img src=\"https:\/\/www.scaffoldmfg.com\/wp-content\/uploads\/2024\/04\/Scaffolding-system-3.jpg\" atl=\"scaffolding supplies\" title=\"fournitures d&#039;\u00e9chafaudage\"><\/p>\n<p style=\"text-align: center;\"><b>Syst\u00e8me d'\u00e9chafaudage<\/b><\/p>\n<p style=\"text-align:center;\"><img src=\"https:\/\/www.scaffoldmfg.com\/wp-content\/uploads\/2024\/04\/Scaffolding-system-4.jpg\" atl=\"scaffolding supplies\" title=\"fournitures d&#039;\u00e9chafaudage\"><\/p>\n<p><strong><\/strong><\/p>\n<p style=\"text-align:center;\"><img src=\"https:\/\/www.scaffoldmfg.com\/wp-content\/uploads\/2024\/04\/Scaffolding-system-5.jpg\" atl=\"scaffolding supplies\" title=\"fournitures d&#039;\u00e9chafaudage\"><\/p>\n<p style=\"text-align: center;\"><b>scaffolding supplies Prdduction Process<\/b><\/p>\n<p style=\"text-align:center;\"><img src=\"https:\/\/www.scaffoldmfg.com\/wp-content\/uploads\/2024\/04\/Scaffolding-system-6.jpg\" atl=\"scaffolding supplies\" title=\"fournitures d&#039;\u00e9chafaudage\"><\/p>\n<p><strong><\/strong><\/p>\n<p style=\"text-align:center;\"><img src=\"https:\/\/www.scaffoldmfg.com\/wp-content\/uploads\/2024\/04\/Scaffolding-system-7.jpg\" atl=\"scaffolding supplies\" title=\"fournitures d&#039;\u00e9chafaudage\"><\/p>\n<p style=\"text-align: center;\"><b>Par secteur industriel<\/b><\/p>\n<p style=\"text-align:center;\"><img src=\"https:\/\/www.scaffoldmfg.com\/wp-content\/uploads\/2024\/04\/Scaffolding-system-9.jpg\" atl=\"scaffolding supplies\" title=\"fournitures d&#039;\u00e9chafaudage\"><\/p>\n<p><strong><\/strong><\/p>\n<p style=\"text-align:center;\"><img src=\"https:\/\/www.scaffoldmfg.com\/wp-content\/uploads\/2024\/04\/Scaffolding-system-12.jpg\" atl=\"scaffolding supplies\" title=\"fournitures d&#039;\u00e9chafaudage\"><\/p>\n<p>Tag\uff1a<a href=\"https:\/\/www.scaffoldmfg.com\/fr\/product\/echafaudages-avances\/\">\u00e9chafaudages avanc\u00e9s<\/a>   <a href=\"https:\/\/www.scaffoldmfg.com\/fr\/\">\u00e9chafaudage cuplock<\/a><\/p>\n<p><\/p>\n\n\n<div class=\"kk-star-ratings kksr-auto kksr-align-left kksr-valign-bottom kksr-disabled\"\n    data-payload='{&quot;align&quot;:&quot;left&quot;,&quot;id&quot;:&quot;7451&quot;,&quot;readonly&quot;:&quot;1&quot;,&quot;slug&quot;:&quot;default&quot;,&quot;valign&quot;:&quot;bottom&quot;,&quot;ignore&quot;:&quot;&quot;,&quot;reference&quot;:&quot;auto&quot;,&quot;class&quot;:&quot;&quot;,&quot;count&quot;:&quot;0&quot;,&quot;legendonly&quot;:&quot;&quot;,&quot;score&quot;:&quot;0&quot;,&quot;starsonly&quot;:&quot;&quot;,&quot;best&quot;:&quot;5&quot;,&quot;gap&quot;:&quot;4&quot;,&quot;greet&quot;:&quot;Rate this product&quot;,&quot;legend&quot;:&quot;0\\\/5 - (0 vote)&quot;,&quot;size&quot;:&quot;24&quot;,&quot;title&quot;:&quot;scaffolding supplies&quot;,&quot;width&quot;:&quot;0&quot;,&quot;_legend&quot;:&quot;{score}\\\/{best} - ({count} {votes})&quot;,&quot;font_factor&quot;:&quot;1.25&quot;}'>\n            \n<div class=\"kksr-stars\">\n    \n<div class=\"kksr-stars-inactive\">\n            <div class=\"kksr-star\" data-star=\"1\" style=\"padding-right: 4px\">\n            \n\n<div class=\"kksr-icon\" style=\"width: 24px; height: 24px;\"><\/div>\n        <\/div>\n            <div class=\"kksr-star\" data-star=\"2\" style=\"padding-right: 4px\">\n            \n\n<div class=\"kksr-icon\" style=\"width: 24px; height: 24px;\"><\/div>\n        <\/div>\n            <div class=\"kksr-star\" data-star=\"3\" style=\"padding-right: 4px\">\n            \n\n<div class=\"kksr-icon\" style=\"width: 24px; height: 24px;\"><\/div>\n        <\/div>\n            <div class=\"kksr-star\" data-star=\"4\" style=\"padding-right: 4px\">\n            \n\n<div class=\"kksr-icon\" style=\"width: 24px; height: 24px;\"><\/div>\n        <\/div>\n            <div class=\"kksr-star\" data-star=\"5\" style=\"padding-right: 4px\">\n            \n\n<div class=\"kksr-icon\" style=\"width: 24px; height: 24px;\"><\/div>\n        <\/div>\n    <\/div>\n    \n<div class=\"kksr-stars-active\" style=\"width: 0px;\">\n            <div class=\"kksr-star\" style=\"padding-right: 4px\">\n            \n\n<div class=\"kksr-icon\" style=\"width: 24px; height: 24px;\"><\/div>\n        <\/div>\n            <div class=\"kksr-star\" style=\"padding-right: 4px\">\n            \n\n<div class=\"kksr-icon\" style=\"width: 24px; height: 24px;\"><\/div>\n        <\/div>\n            <div class=\"kksr-star\" style=\"padding-right: 4px\">\n            \n\n<div class=\"kksr-icon\" style=\"width: 24px; height: 24px;\"><\/div>\n        <\/div>\n            <div class=\"kksr-star\" style=\"padding-right: 4px\">\n            \n\n<div class=\"kksr-icon\" style=\"width: 24px; height: 24px;\"><\/div>\n        <\/div>\n            <div class=\"kksr-star\" style=\"padding-right: 4px\">\n            \n\n<div class=\"kksr-icon\" style=\"width: 24px; height: 24px;\"><\/div>\n        <\/div>\n    <\/div>\n<\/div>\n                \n\n<div class=\"kksr-legend\" style=\"font-size: 19.2px;\">\n            <span class=\"kksr-muted\">Notez ce produit<\/span>\n    <\/div>\n    <\/div>","protected":false},"excerpt":{"rendered":"<p>Qingdao WanchengTai is the international business department of Qingdao Wancheng Group, which has built up a new industry park with more than 10,000m2. And our production capacity can reach up to 50,000 tons\/year in complete condition. Wancheng established thorough quality control and inspection system according to ISO 9001. And we\u2019ve got the necessary certificates for [&hellip;]<\/p>\n","protected":false},"featured_media":7133,"menu_order":0,"template":"","product_category":[113],"class_list":["post-7451","product","type-product","status-publish","has-post-thumbnail","hentry","product_category-test-category"],"acf":[],"_links":{"self":[{"href":"https:\/\/www.scaffoldmfg.com\/fr\/wp-json\/wp\/v2\/product\/7451","targetHints":{"allow":["GET"]}}],"collection":[{"href":"https:\/\/www.scaffoldmfg.com\/fr\/wp-json\/wp\/v2\/product"}],"about":[{"href":"https:\/\/www.scaffoldmfg.com\/fr\/wp-json\/wp\/v2\/types\/product"}],"wp:featuredmedia":[{"embeddable":true,"href":"https:\/\/www.scaffoldmfg.com\/fr\/wp-json\/wp\/v2\/media\/7133"}],"wp:attachment":[{"href":"https:\/\/www.scaffoldmfg.com\/fr\/wp-json\/wp\/v2\/media?parent=7451"}],"wp:term":[{"taxonomy":"product_category","embeddable":true,"href":"https:\/\/www.scaffoldmfg.com\/fr\/wp-json\/wp\/v2\/product_category?post=7451"}],"curies":[{"name":"wp","href":"https:\/\/api.w.org\/{rel}","templated":true}]}}