{"id":7245,"date":"2024-06-06T13:33:42","date_gmt":"2024-06-06T13:33:42","guid":{"rendered":"https:\/\/www.scaffoldmfg.com\/?post_type=product&#038;p=7245"},"modified":"2024-06-06T13:33:42","modified_gmt":"2024-06-06T13:33:42","slug":"6-scaffolding","status":"publish","type":"product","link":"https:\/\/www.scaffoldmfg.com\/fr\/product\/6-echafaudages\/","title":{"rendered":"6 \u00e9chafaudages"},"content":{"rendered":"<p>Qingdao WanchengTai, fabricant de syst\u00e8mes d'\u00e9chafaudage, a la particularit\u00e9 d'\u00eatre la premi\u00e8re entreprise \u00e0 avoir mis en \u0153uvre un transfert technologique de l'Europe vers Palau, la Somalie, l'\u00c9rythr\u00e9e, la C\u00f4te d'Ivoire, la Guyane fran\u00e7aise, l'Angola et l'Ouzb\u00e9kistan dans le secteur des \u00e9chafaudages de construction.<\/p>\n<p>Cr\u00e9\u00e9e pour concevoir et fabriquer des \u00e9chafaudages au tout d\u00e9but, nous avons rapidement ajout\u00e9 d'autres syst\u00e8mes technologiques de coffrage et d'\u00e9chafaudage \u00e0 notre gamme de produits.<\/p>\n<p>Nos produits sont largement utilis\u00e9s dans les appartements, les ponts, les navires, les hangars d'aviation, les tours, les tunnels, les tribunes, les centres d'affaires, les complexes sportifs, les stades, les usines et tous les types de constructions architecturales complexes. Nous avons continuellement am\u00e9lior\u00e9 notre gamme de produits en int\u00e9grant nos connaissances et notre exp\u00e9rience en mati\u00e8re d'ing\u00e9nierie avec une vision innovante et nous les avons mis en pratique en utilisant une technologie de fabrication de pointe.<\/p>\n<table class=\"table  table-bordered text-center\">\n<thead><\/thead>\n<tbody>\n<tr>\n<td>Nom du produit\n<\/td>\n<td>6 \u00e9chafaudages\n<\/td>\n<\/tr>\n<tr>\n<td>N\u00b0 de pi\u00e8ce\n<\/td>\n<td>WTSTHR-2739\n<\/td>\n<\/tr>\n<tr>\n<td>Service apr\u00e8s-vente<\/td>\n<td>Assistance technique en ligne<\/td>\n<\/tr>\n<tr>\n<td>Capacit\u00e9 de solution de projet<\/td>\n<td>conception graphique, solution globale pour les projets<\/td>\n<\/tr>\n<tr>\n<td>Type<\/td>\n<td>\u00c9tais d'\u00e9tayage&nbsp;\n<\/td>\n<\/tr>\n<tr>\n<td>Garantie<\/td>\n<td>5 ans<\/td>\n<\/tr>\n<tr>\n<td>Service apr\u00e8s-vente<\/td>\n<td>Assistance technique en ligne<\/td>\n<\/tr>\n<tr>\n<td>Application<\/td>\n<td>Appartement, construction d'un b\u00e2timent, appartement, projet de construction<\/td>\n<\/tr>\n<tr>\n<td>Style de conception<\/td>\n<td>Industriel<\/td>\n<\/tr>\n<tr>\n<td>Lieu d'origine<\/td>\n<td>Qingdao, Chine<\/td>\n<\/tr>\n<tr>\n<td>Num\u00e9ro de mod\u00e8le<\/td>\n<td>Syst\u00e8me d'\u00e9chafaudage - 125<\/td>\n<\/tr>\n<tr>\n<td>Mat\u00e9riau<\/td>\n<td>Steel Q355\/Q235\/Q195\/Q235\/S235JR<\/td>\n<\/tr>\n<tr>\n<td>Traitement de surface<\/td>\n<td>galvanis\u00e9 \u00e0 chaud<\/td>\n<\/tr>\n<tr>\n<td>Couleur<\/td>\n<td>Exigences des clients<\/td>\n<\/tr>\n<tr>\n<td>Taille<\/td>\n<td>Longueur de la baie 2,1 mm, hauteur de la lev\u00e9e 2 mm, largeur 581 mm \/ taille standard\n<\/td>\n<\/tr>\n<\/tbody>\n<\/table>\n<p style=\"text-align: center;\"><b>6 \u00e9chafaudages Atelier<\/b><\/p>\n<p style=\"text-align:center;\"><img src=\"https:\/\/www.scaffoldmfg.com\/wp-content\/uploads\/2024\/04\/Scaffolding-system-11.jpg\" atl=\"6 scaffolding\" title=\"6 \u00e9chafaudages\"><\/p>\n<p><strong><\/strong><\/p>\n<p style=\"text-align:center;\"><img src=\"https:\/\/www.scaffoldmfg.com\/wp-content\/uploads\/2024\/04\/Scaffolding-system-3.jpg\" atl=\"6 scaffolding\" title=\"6 \u00e9chafaudages\"><\/p>\n<p style=\"text-align: center;\"><b>Syst\u00e8me d'\u00e9chafaudage<\/b><\/p>\n<p style=\"text-align:center;\"><img src=\"https:\/\/www.scaffoldmfg.com\/wp-content\/uploads\/2024\/04\/Scaffolding-system-4.jpg\" atl=\"6 scaffolding\" title=\"6 \u00e9chafaudages\"><\/p>\n<p><strong><\/strong><\/p>\n<p style=\"text-align:center;\"><img src=\"https:\/\/www.scaffoldmfg.com\/wp-content\/uploads\/2024\/04\/Scaffolding-system-5.jpg\" atl=\"6 scaffolding\" title=\"6 \u00e9chafaudages\"><\/p>\n<p style=\"text-align: center;\"><b>6 \u00e9chafaudages Processus de production<\/b><\/p>\n<p style=\"text-align:center;\"><img src=\"https:\/\/www.scaffoldmfg.com\/wp-content\/uploads\/2024\/04\/Scaffolding-system-6.jpg\" atl=\"6 scaffolding\" title=\"6 \u00e9chafaudages\"><\/p>\n<p><strong><\/strong><\/p>\n<p style=\"text-align:center;\"><img src=\"https:\/\/www.scaffoldmfg.com\/wp-content\/uploads\/2024\/04\/Scaffolding-system-7.jpg\" atl=\"6 scaffolding\" title=\"6 \u00e9chafaudages\"><\/p>\n<p style=\"text-align: center;\"><b>Par secteur industriel<\/b><\/p>\n<p style=\"text-align:center;\"><img src=\"https:\/\/www.scaffoldmfg.com\/wp-content\/uploads\/2024\/04\/Scaffolding-system-9.jpg\" atl=\"6 scaffolding\" title=\"6 \u00e9chafaudages\"><\/p>\n<p><strong><\/strong><\/p>\n<p style=\"text-align:center;\"><img src=\"https:\/\/www.scaffoldmfg.com\/wp-content\/uploads\/2024\/04\/Scaffolding-system-12.jpg\" atl=\"6 scaffolding\" title=\"6 \u00e9chafaudages\"><\/p>\n<p>Tag\uff1a<a href=\"https:\/\/www.scaffoldmfg.com\/fr\/product\/echafaudage-pour-escaliers\/\">\u00e9chafaudage pour escaliers<\/a>,<a href=\"https:\/\/www.scaffoldmfg.com\/fr\/product\/cout-de-la-location-dun-echafaudage-2\/\">co\u00fbt de la location d'un \u00e9chafaudage<\/a>   <a href=\"https:\/\/www.scaffoldmfg.com\/fr\/\">fabricants d'\u00e9chafaudages<\/a><\/p>\n<p><\/p>\n\n\n<div class=\"kk-star-ratings kksr-auto kksr-align-left kksr-valign-bottom kksr-disabled\"\n    data-payload='{&quot;align&quot;:&quot;left&quot;,&quot;id&quot;:&quot;7245&quot;,&quot;readonly&quot;:&quot;1&quot;,&quot;slug&quot;:&quot;default&quot;,&quot;valign&quot;:&quot;bottom&quot;,&quot;ignore&quot;:&quot;&quot;,&quot;reference&quot;:&quot;auto&quot;,&quot;class&quot;:&quot;&quot;,&quot;count&quot;:&quot;0&quot;,&quot;legendonly&quot;:&quot;&quot;,&quot;score&quot;:&quot;0&quot;,&quot;starsonly&quot;:&quot;&quot;,&quot;best&quot;:&quot;5&quot;,&quot;gap&quot;:&quot;4&quot;,&quot;greet&quot;:&quot;Rate this product&quot;,&quot;legend&quot;:&quot;0\\\/5 - (0 vote)&quot;,&quot;size&quot;:&quot;24&quot;,&quot;title&quot;:&quot;6 scaffolding&quot;,&quot;width&quot;:&quot;0&quot;,&quot;_legend&quot;:&quot;{score}\\\/{best} - ({count} {votes})&quot;,&quot;font_factor&quot;:&quot;1.25&quot;}'>\n            \n<div class=\"kksr-stars\">\n    \n<div class=\"kksr-stars-inactive\">\n            <div class=\"kksr-star\" data-star=\"1\" style=\"padding-right: 4px\">\n            \n\n<div class=\"kksr-icon\" style=\"width: 24px; height: 24px;\"><\/div>\n        <\/div>\n            <div class=\"kksr-star\" data-star=\"2\" style=\"padding-right: 4px\">\n            \n\n<div class=\"kksr-icon\" style=\"width: 24px; height: 24px;\"><\/div>\n        <\/div>\n            <div class=\"kksr-star\" data-star=\"3\" style=\"padding-right: 4px\">\n            \n\n<div class=\"kksr-icon\" style=\"width: 24px; height: 24px;\"><\/div>\n        <\/div>\n            <div class=\"kksr-star\" data-star=\"4\" style=\"padding-right: 4px\">\n            \n\n<div class=\"kksr-icon\" style=\"width: 24px; height: 24px;\"><\/div>\n        <\/div>\n            <div class=\"kksr-star\" data-star=\"5\" style=\"padding-right: 4px\">\n            \n\n<div class=\"kksr-icon\" style=\"width: 24px; height: 24px;\"><\/div>\n        <\/div>\n    <\/div>\n    \n<div class=\"kksr-stars-active\" style=\"width: 0px;\">\n            <div class=\"kksr-star\" style=\"padding-right: 4px\">\n            \n\n<div class=\"kksr-icon\" style=\"width: 24px; height: 24px;\"><\/div>\n        <\/div>\n            <div class=\"kksr-star\" style=\"padding-right: 4px\">\n            \n\n<div class=\"kksr-icon\" style=\"width: 24px; height: 24px;\"><\/div>\n        <\/div>\n            <div class=\"kksr-star\" style=\"padding-right: 4px\">\n            \n\n<div class=\"kksr-icon\" style=\"width: 24px; height: 24px;\"><\/div>\n        <\/div>\n            <div class=\"kksr-star\" style=\"padding-right: 4px\">\n            \n\n<div class=\"kksr-icon\" style=\"width: 24px; height: 24px;\"><\/div>\n        <\/div>\n            <div class=\"kksr-star\" style=\"padding-right: 4px\">\n            \n\n<div class=\"kksr-icon\" style=\"width: 24px; height: 24px;\"><\/div>\n        <\/div>\n    <\/div>\n<\/div>\n                \n\n<div class=\"kksr-legend\" style=\"font-size: 19.2px;\">\n            <span class=\"kksr-muted\">Notez ce produit<\/span>\n    <\/div>\n    <\/div>","protected":false},"excerpt":{"rendered":"<p>Qingdao WanchengTai was a Scaffolding System manufacturer, has the characteristic of being the first company that implemented technological transfer from Europe to Palau,Somalia,Eritrea,Cote d&#8217;Ivoire,French Guiana,Angola,Uzbekistan in construction scaffolding sector. Established to design and manufacture scaffolding in the very beginning, We added the other technological formwork and scaffolding systems to its product range in a short [&hellip;]<\/p>\n","protected":false},"featured_media":7133,"menu_order":0,"template":"","product_category":[113],"class_list":["post-7245","product","type-product","status-publish","has-post-thumbnail","hentry","product_category-test-category"],"acf":[],"_links":{"self":[{"href":"https:\/\/www.scaffoldmfg.com\/fr\/wp-json\/wp\/v2\/product\/7245","targetHints":{"allow":["GET"]}}],"collection":[{"href":"https:\/\/www.scaffoldmfg.com\/fr\/wp-json\/wp\/v2\/product"}],"about":[{"href":"https:\/\/www.scaffoldmfg.com\/fr\/wp-json\/wp\/v2\/types\/product"}],"wp:featuredmedia":[{"embeddable":true,"href":"https:\/\/www.scaffoldmfg.com\/fr\/wp-json\/wp\/v2\/media\/7133"}],"wp:attachment":[{"href":"https:\/\/www.scaffoldmfg.com\/fr\/wp-json\/wp\/v2\/media?parent=7245"}],"wp:term":[{"taxonomy":"product_category","embeddable":true,"href":"https:\/\/www.scaffoldmfg.com\/fr\/wp-json\/wp\/v2\/product_category?post=7245"}],"curies":[{"name":"wp","href":"https:\/\/api.w.org\/{rel}","templated":true}]}}