{"id":7226,"date":"2024-05-19T12:23:14","date_gmt":"2024-05-19T12:23:14","guid":{"rendered":"https:\/\/www.scaffoldmfg.com\/?post_type=product&#038;p=7226"},"modified":"2024-05-19T12:23:14","modified_gmt":"2024-05-19T12:23:14","slug":"parts-of-scaffolding","status":"publish","type":"product","link":"https:\/\/www.scaffoldmfg.com\/fr\/product\/parties-de-lechafaudage\/","title":{"rendered":"parties de l'\u00e9chafaudage"},"content":{"rendered":"<p>Qingdao WanchengTai est un fournisseur professionnel de syst\u00e8mes d'\u00e9chafaudage, fournissant des \u00e9tais d'\u00e9tayage et d'autres produits d'\u00e9chafaudage. Depuis sa cr\u00e9ation, notre soci\u00e9t\u00e9 coop\u00e8re \u00e9troitement avec de nombreux fabricants de m\u00e9taux r\u00e9put\u00e9s en Chine et a \u00e9tabli un partenariat strat\u00e9gique. Nos produits sont export\u00e9s vers l'Asie, l'Europe, le Kirghizistan, la Jama\u00efque, le Gabon, la Guyane, l'Estonie et la Bolivie. Elle a toujours \u00e9t\u00e9 \u00e0 l'avant-garde de l'approvisionnement national en mat\u00e9riaux de construction, adh\u00e9rant au principe de terre-\u00e0-terre, de clairvoyance et d'innovation, et servant les clients de tout c\u0153ur. Un solide syst\u00e8me de service avant et apr\u00e8s-vente, ainsi que d'autres syst\u00e8mes de service, ont \u00e9t\u00e9 mis en place pour r\u00e9pondre aux besoins des clients.<\/p>\n<table class=\"table  table-bordered text-center\">\n<thead><\/thead>\n<tbody>\n<tr>\n<td>Nom du produit<\/td>\n<td>parties de l'\u00e9chafaudage<\/td>\n<\/tr>\n<tr>\n<td>N\u00b0 de pi\u00e8ce<\/td>\n<td>WTSTHR-2140<\/td>\n<\/tr>\n<tr>\n<td>Service apr\u00e8s-vente<\/td>\n<td>Assistance technique en ligne<\/td>\n<\/tr>\n<tr>\n<td>Capacit\u00e9 de solution de projet<\/td>\n<td>conception graphique, solution globale pour les projets<\/td>\n<\/tr>\n<tr>\n<td>Type<\/td>\n<td>\u00c9tais d'\u00e9tayage&nbsp;<\/td>\n<\/tr>\n<tr>\n<td>Garantie<\/td>\n<td>5 ans<\/td>\n<\/tr>\n<tr>\n<td>Service apr\u00e8s-vente<\/td>\n<td>Assistance technique en ligne<\/td>\n<\/tr>\n<tr>\n<td>Application<\/td>\n<td>Appartement, construction d'un b\u00e2timent, appartement, projet de construction<\/td>\n<\/tr>\n<tr>\n<td>Style de conception<\/td>\n<td>Industriel<\/td>\n<\/tr>\n<tr>\n<td>Lieu d'origine<\/td>\n<td>Qingdao, Chine<\/td>\n<\/tr>\n<tr>\n<td>Num\u00e9ro de mod\u00e8le<\/td>\n<td>Syst\u00e8me d'\u00e9chafaudage - 499<\/td>\n<\/tr>\n<tr>\n<td>Mat\u00e9riau<\/td>\n<td>Steel Q355\/Q235\/Q195\/Q235\/S235JR<\/td>\n<\/tr>\n<tr>\n<td>Traitement de surface<\/td>\n<td>galvanis\u00e9 \u00e0 chaud<\/td>\n<\/tr>\n<tr>\n<td>Couleur<\/td>\n<td>Exigences des clients<\/td>\n<\/tr>\n<tr>\n<td>Taille<\/td>\n<td>Longueur de la baie 2,1 mm, hauteur de la lev\u00e9e 1,5 mm, largeur 545 mm \/ taille standard<\/td>\n<\/tr>\n<\/tbody>\n<\/table>\n<p style=\"text-align: center;\"><b>parties de l'\u00e9chafaudage Atelier<\/b><\/p>\n<p style=\"text-align:center;\"><img src=\"https:\/\/www.scaffoldmfg.com\/wp-content\/uploads\/2024\/04\/Scaffolding-system-11.jpg\" atl=\"parts of scaffolding\" title=\"parties de l&#039;\u00e9chafaudage\"><\/p>\n<p><strong><\/strong><\/p>\n<p style=\"text-align:center;\"><img src=\"https:\/\/www.scaffoldmfg.com\/wp-content\/uploads\/2024\/04\/Scaffolding-system-3.jpg\" atl=\"parts of scaffolding\" title=\"parties de l&#039;\u00e9chafaudage\"><\/p>\n<p style=\"text-align: center;\"><b>Syst\u00e8me d'\u00e9chafaudage<\/b><\/p>\n<p style=\"text-align:center;\"><img src=\"https:\/\/www.scaffoldmfg.com\/wp-content\/uploads\/2024\/04\/Scaffolding-system-4.jpg\" atl=\"parts of scaffolding\" title=\"parties de l&#039;\u00e9chafaudage\"><\/p>\n<p><strong><\/strong><\/p>\n<p style=\"text-align:center;\"><img src=\"https:\/\/www.scaffoldmfg.com\/wp-content\/uploads\/2024\/04\/Scaffolding-system-5.jpg\" atl=\"parts of scaffolding\" title=\"parties de l&#039;\u00e9chafaudage\"><\/p>\n<p style=\"text-align: center;\"><b>Parties de l'\u00e9chafaudage Processus de production<\/b><\/p>\n<p style=\"text-align:center;\"><img src=\"https:\/\/www.scaffoldmfg.com\/wp-content\/uploads\/2024\/04\/Scaffolding-system-6.jpg\" atl=\"parts of scaffolding\" title=\"parties de l&#039;\u00e9chafaudage\"><\/p>\n<p><strong><\/strong><\/p>\n<p style=\"text-align:center;\"><img src=\"https:\/\/www.scaffoldmfg.com\/wp-content\/uploads\/2024\/04\/Scaffolding-system-7.jpg\" atl=\"parts of scaffolding\" title=\"parties de l&#039;\u00e9chafaudage\"><\/p>\n<p style=\"text-align: center;\"><b>Par secteur industriel<\/b><\/p>\n<p style=\"text-align:center;\"><img src=\"https:\/\/www.scaffoldmfg.com\/wp-content\/uploads\/2024\/04\/Scaffolding-system-9.jpg\" atl=\"parts of scaffolding\" title=\"parties de l&#039;\u00e9chafaudage\"><\/p>\n<p><strong><\/strong><\/p>\n<p style=\"text-align:center;\"><img src=\"https:\/\/www.scaffoldmfg.com\/wp-content\/uploads\/2024\/04\/Scaffolding-system-12.jpg\" atl=\"parts of scaffolding\" title=\"parties de l&#039;\u00e9chafaudage\"><\/p>\n<p>Tag\uff1a<a href=\"https:\/\/www.scaffoldmfg.com\/fr\/product\/planches-dechafaudage-2\/\">planches d'\u00e9chafaudage<\/a><\/p>\n<p><\/p>\n\n\n<div class=\"kk-star-ratings kksr-auto kksr-align-left kksr-valign-bottom kksr-disabled\"\n    data-payload='{&quot;align&quot;:&quot;left&quot;,&quot;id&quot;:&quot;7226&quot;,&quot;readonly&quot;:&quot;1&quot;,&quot;slug&quot;:&quot;default&quot;,&quot;valign&quot;:&quot;bottom&quot;,&quot;ignore&quot;:&quot;&quot;,&quot;reference&quot;:&quot;auto&quot;,&quot;class&quot;:&quot;&quot;,&quot;count&quot;:&quot;0&quot;,&quot;legendonly&quot;:&quot;&quot;,&quot;score&quot;:&quot;0&quot;,&quot;starsonly&quot;:&quot;&quot;,&quot;best&quot;:&quot;5&quot;,&quot;gap&quot;:&quot;4&quot;,&quot;greet&quot;:&quot;Rate this product&quot;,&quot;legend&quot;:&quot;0\\\/5 - (0 vote)&quot;,&quot;size&quot;:&quot;24&quot;,&quot;title&quot;:&quot;parts of scaffolding&quot;,&quot;width&quot;:&quot;0&quot;,&quot;_legend&quot;:&quot;{score}\\\/{best} - ({count} {votes})&quot;,&quot;font_factor&quot;:&quot;1.25&quot;}'>\n            \n<div class=\"kksr-stars\">\n    \n<div class=\"kksr-stars-inactive\">\n            <div class=\"kksr-star\" data-star=\"1\" style=\"padding-right: 4px\">\n            \n\n<div class=\"kksr-icon\" style=\"width: 24px; height: 24px;\"><\/div>\n        <\/div>\n            <div class=\"kksr-star\" data-star=\"2\" style=\"padding-right: 4px\">\n            \n\n<div class=\"kksr-icon\" style=\"width: 24px; height: 24px;\"><\/div>\n        <\/div>\n            <div class=\"kksr-star\" data-star=\"3\" style=\"padding-right: 4px\">\n            \n\n<div class=\"kksr-icon\" style=\"width: 24px; height: 24px;\"><\/div>\n        <\/div>\n            <div class=\"kksr-star\" data-star=\"4\" style=\"padding-right: 4px\">\n            \n\n<div class=\"kksr-icon\" style=\"width: 24px; height: 24px;\"><\/div>\n        <\/div>\n            <div class=\"kksr-star\" data-star=\"5\" style=\"padding-right: 4px\">\n            \n\n<div class=\"kksr-icon\" style=\"width: 24px; height: 24px;\"><\/div>\n        <\/div>\n    <\/div>\n    \n<div class=\"kksr-stars-active\" style=\"width: 0px;\">\n            <div class=\"kksr-star\" style=\"padding-right: 4px\">\n            \n\n<div class=\"kksr-icon\" style=\"width: 24px; height: 24px;\"><\/div>\n        <\/div>\n            <div class=\"kksr-star\" style=\"padding-right: 4px\">\n            \n\n<div class=\"kksr-icon\" style=\"width: 24px; height: 24px;\"><\/div>\n        <\/div>\n            <div class=\"kksr-star\" style=\"padding-right: 4px\">\n            \n\n<div class=\"kksr-icon\" style=\"width: 24px; height: 24px;\"><\/div>\n        <\/div>\n            <div class=\"kksr-star\" style=\"padding-right: 4px\">\n            \n\n<div class=\"kksr-icon\" style=\"width: 24px; height: 24px;\"><\/div>\n        <\/div>\n            <div class=\"kksr-star\" style=\"padding-right: 4px\">\n            \n\n<div class=\"kksr-icon\" style=\"width: 24px; height: 24px;\"><\/div>\n        <\/div>\n    <\/div>\n<\/div>\n                \n\n<div class=\"kksr-legend\" style=\"font-size: 19.2px;\">\n            <span class=\"kksr-muted\">Notez ce produit<\/span>\n    <\/div>\n    <\/div>","protected":false},"excerpt":{"rendered":"<p>Qingdao WanchengTai is a professional Scaffolding System suppliers, supplying Shoring Props and other Scaffolding products. Since its establishment, our company has been closely cooperating with many well-known metal manufacturers in China, and has established a strategic partnership, our product export to Asia,Europe, Kyrgyzstan,Jamaica,Gabon,Guyana,Estonia,Bolivia country. It has always been at the forefront of domestic supply of [&hellip;]<\/p>\n","protected":false},"featured_media":7133,"menu_order":0,"template":"","product_category":[113],"class_list":["post-7226","product","type-product","status-publish","has-post-thumbnail","hentry","product_category-test-category"],"acf":[],"_links":{"self":[{"href":"https:\/\/www.scaffoldmfg.com\/fr\/wp-json\/wp\/v2\/product\/7226","targetHints":{"allow":["GET"]}}],"collection":[{"href":"https:\/\/www.scaffoldmfg.com\/fr\/wp-json\/wp\/v2\/product"}],"about":[{"href":"https:\/\/www.scaffoldmfg.com\/fr\/wp-json\/wp\/v2\/types\/product"}],"wp:featuredmedia":[{"embeddable":true,"href":"https:\/\/www.scaffoldmfg.com\/fr\/wp-json\/wp\/v2\/media\/7133"}],"wp:attachment":[{"href":"https:\/\/www.scaffoldmfg.com\/fr\/wp-json\/wp\/v2\/media?parent=7226"}],"wp:term":[{"taxonomy":"product_category","embeddable":true,"href":"https:\/\/www.scaffoldmfg.com\/fr\/wp-json\/wp\/v2\/product_category?post=7226"}],"curies":[{"name":"wp","href":"https:\/\/api.w.org\/{rel}","templated":true}]}}