{"id":7152,"date":"2024-04-17T14:36:50","date_gmt":"2024-04-17T14:36:50","guid":{"rendered":"https:\/\/www.scaffoldmfg.com\/?post_type=product&#038;p=7152"},"modified":"2024-04-18T12:53:50","modified_gmt":"2024-04-18T12:53:50","slug":"suspended-scaffolding","status":"publish","type":"product","link":"https:\/\/www.scaffoldmfg.com\/fr\/product\/echafaudages-suspendus\/","title":{"rendered":"\u00e9chafaudages suspendus"},"content":{"rendered":"<p>Nous sommes l'un des principaux fabricants d'\u00e9chafaudages et d'accessoires, de bases et de v\u00e9rins, d'\u00e9chafaudages \u00e0 cadre et d'autres produits connexes dans la ville de Qingdao. Nous travaillons dans ce domaine depuis plus de 20 ans et tous nos produits sont certifi\u00e9s BS 1139 et EN 74, AS 1576, la qualit\u00e9 est la meilleure. Nos produits sont tr\u00e8s populaires en Afrique, en Europe, au Pakistan, en Autriche, en Dominique, en Bi\u00e9lorussie, aux Antilles n\u00e9erlandaises, en Libye, au Tadjikistan, \u00e0 Singapour, etc.<\/p>\n<table class=\"table  table-bordered text-center\">\n<thead><\/thead>\n<tbody>\n<tr>\n<td>Nom du produit<\/td>\n<td>\u00e9chafaudages suspendus<\/td>\n<\/tr>\n<tr>\n<td>N\u00b0 de pi\u00e8ce<\/td>\n<td>WTSTHR-2375<\/td>\n<\/tr>\n<tr>\n<td>Service apr\u00e8s-vente<\/td>\n<td>Assistance technique en ligne<\/td>\n<\/tr>\n<tr>\n<td>Capacit\u00e9 de solution de projet<\/td>\n<td>conception graphique, solution globale pour les projets<\/td>\n<\/tr>\n<tr>\n<td>Type<\/td>\n<td>Syst\u00e8me d'\u00e9chafaudage Kwikstage\u00a0<\/td>\n<\/tr>\n<tr>\n<td>Garantie<\/td>\n<td>5 ans<\/td>\n<\/tr>\n<tr>\n<td>Service apr\u00e8s-vente<\/td>\n<td>Assistance technique en ligne<\/td>\n<\/tr>\n<tr>\n<td>Application<\/td>\n<td>Appartement, construction d'un b\u00e2timent, appartement, projet de construction<\/td>\n<\/tr>\n<tr>\n<td>Style de conception<\/td>\n<td>Industriel<\/td>\n<\/tr>\n<tr>\n<td>Lieu d'origine<\/td>\n<td>Qingdao, Chine<\/td>\n<\/tr>\n<tr>\n<td>Num\u00e9ro de mod\u00e8le<\/td>\n<td>Syst\u00e8me d'\u00e9chafaudage - 366<\/td>\n<\/tr>\n<tr>\n<td>Mat\u00e9riau<\/td>\n<td>Steel Q355\/Q235\/Q195\/Q235\/S235JR<\/td>\n<\/tr>\n<tr>\n<td>Traitement de surface<\/td>\n<td>galvanis\u00e9 \u00e0 chaud<\/td>\n<\/tr>\n<tr>\n<td>Couleur<\/td>\n<td>Exigences des clients<\/td>\n<\/tr>\n<tr>\n<td>Taille<\/td>\n<td>Longueur de la baie 2,4 mm, hauteur de la lev\u00e9e 1,8 mm, largeur 436 mm \/ taille standard<\/td>\n<\/tr>\n<\/tbody>\n<\/table>\n<p>&nbsp;<\/p>\n<p style=\"text-align: center;\"><b>\u00e9chafaudage suspendu Atelier<\/b><\/p>\n<p style=\"text-align: center;\"><img title=\"\u00e9chafaudages suspendus\" src=\"https:\/\/www.scaffoldmfg.com\/wp-content\/uploads\/2024\/04\/Scaffolding-system-11.jpg\" \/><\/p>\n<p>&nbsp;<\/p>\n<p style=\"text-align: center;\"><img title=\"\u00e9chafaudages suspendus\" src=\"https:\/\/www.scaffoldmfg.com\/wp-content\/uploads\/2024\/04\/Scaffolding-system-3.jpg\" \/><\/p>\n<p style=\"text-align: center;\"><b>Syst\u00e8me d'\u00e9chafaudage<\/b><\/p>\n<p style=\"text-align: center;\"><img title=\"\u00e9chafaudages suspendus\" src=\"https:\/\/www.scaffoldmfg.com\/wp-content\/uploads\/2024\/04\/Scaffolding-system-4.jpg\" \/><\/p>\n<p>&nbsp;<\/p>\n<p style=\"text-align: center;\"><img title=\"\u00e9chafaudages suspendus\" src=\"https:\/\/www.scaffoldmfg.com\/wp-content\/uploads\/2024\/04\/Scaffolding-system-5.jpg\" \/><\/p>\n<p style=\"text-align: center;\"><b>\u00e9chafaudage suspendu Processus de production<\/b><\/p>\n<p style=\"text-align: center;\"><img title=\"\u00e9chafaudages suspendus\" src=\"https:\/\/www.scaffoldmfg.com\/wp-content\/uploads\/2024\/04\/Scaffolding-system-6.jpg\" \/><\/p>\n<p>&nbsp;<\/p>\n<p style=\"text-align: center;\"><img title=\"\u00e9chafaudages suspendus\" src=\"https:\/\/www.scaffoldmfg.com\/wp-content\/uploads\/2024\/04\/Scaffolding-system-7.jpg\" \/><\/p>\n<p style=\"text-align: center;\"><b>Par secteur industriel<\/b><\/p>\n<p style=\"text-align: center;\"><img title=\"\u00e9chafaudages suspendus\" src=\"https:\/\/www.scaffoldmfg.com\/wp-content\/uploads\/2024\/04\/Scaffolding-system-9.jpg\" \/><\/p>\n<p>&nbsp;<\/p>\n<p style=\"text-align: center;\"><img title=\"\u00e9chafaudages suspendus\" src=\"https:\/\/www.scaffoldmfg.com\/wp-content\/uploads\/2024\/04\/Scaffolding-system-12.jpg\" \/><\/p>\n\n\n<div class=\"kk-star-ratings kksr-auto kksr-align-left kksr-valign-bottom kksr-disabled\"\n    data-payload='{&quot;align&quot;:&quot;left&quot;,&quot;id&quot;:&quot;7152&quot;,&quot;readonly&quot;:&quot;1&quot;,&quot;slug&quot;:&quot;default&quot;,&quot;valign&quot;:&quot;bottom&quot;,&quot;ignore&quot;:&quot;&quot;,&quot;reference&quot;:&quot;auto&quot;,&quot;class&quot;:&quot;&quot;,&quot;count&quot;:&quot;0&quot;,&quot;legendonly&quot;:&quot;&quot;,&quot;score&quot;:&quot;0&quot;,&quot;starsonly&quot;:&quot;&quot;,&quot;best&quot;:&quot;5&quot;,&quot;gap&quot;:&quot;4&quot;,&quot;greet&quot;:&quot;Rate this product&quot;,&quot;legend&quot;:&quot;0\\\/5 - (0 vote)&quot;,&quot;size&quot;:&quot;24&quot;,&quot;title&quot;:&quot;suspended scaffolding&quot;,&quot;width&quot;:&quot;0&quot;,&quot;_legend&quot;:&quot;{score}\\\/{best} - ({count} {votes})&quot;,&quot;font_factor&quot;:&quot;1.25&quot;}'>\n            \n<div class=\"kksr-stars\">\n    \n<div class=\"kksr-stars-inactive\">\n            <div class=\"kksr-star\" data-star=\"1\" style=\"padding-right: 4px\">\n            \n\n<div class=\"kksr-icon\" style=\"width: 24px; height: 24px;\"><\/div>\n        <\/div>\n            <div class=\"kksr-star\" data-star=\"2\" style=\"padding-right: 4px\">\n            \n\n<div class=\"kksr-icon\" style=\"width: 24px; height: 24px;\"><\/div>\n        <\/div>\n            <div class=\"kksr-star\" data-star=\"3\" style=\"padding-right: 4px\">\n            \n\n<div class=\"kksr-icon\" style=\"width: 24px; height: 24px;\"><\/div>\n        <\/div>\n            <div class=\"kksr-star\" data-star=\"4\" style=\"padding-right: 4px\">\n            \n\n<div class=\"kksr-icon\" style=\"width: 24px; height: 24px;\"><\/div>\n        <\/div>\n            <div class=\"kksr-star\" data-star=\"5\" style=\"padding-right: 4px\">\n            \n\n<div class=\"kksr-icon\" style=\"width: 24px; height: 24px;\"><\/div>\n        <\/div>\n    <\/div>\n    \n<div class=\"kksr-stars-active\" style=\"width: 0px;\">\n            <div class=\"kksr-star\" style=\"padding-right: 4px\">\n            \n\n<div class=\"kksr-icon\" style=\"width: 24px; height: 24px;\"><\/div>\n        <\/div>\n            <div class=\"kksr-star\" style=\"padding-right: 4px\">\n            \n\n<div class=\"kksr-icon\" style=\"width: 24px; height: 24px;\"><\/div>\n        <\/div>\n            <div class=\"kksr-star\" style=\"padding-right: 4px\">\n            \n\n<div class=\"kksr-icon\" style=\"width: 24px; height: 24px;\"><\/div>\n        <\/div>\n            <div class=\"kksr-star\" style=\"padding-right: 4px\">\n            \n\n<div class=\"kksr-icon\" style=\"width: 24px; height: 24px;\"><\/div>\n        <\/div>\n            <div class=\"kksr-star\" style=\"padding-right: 4px\">\n            \n\n<div class=\"kksr-icon\" style=\"width: 24px; height: 24px;\"><\/div>\n        <\/div>\n    <\/div>\n<\/div>\n                \n\n<div class=\"kksr-legend\" style=\"font-size: 19.2px;\">\n            <span class=\"kksr-muted\">Notez ce produit<\/span>\n    <\/div>\n    <\/div>","protected":false},"excerpt":{"rendered":"<p>We are a leading manufacturer of system scaffoldings and accessories, Base &amp; Jacks, frame scaffolding and other related products in Qingdao City. We have been in the business for more than 20 years, and all our products are BS 1139 and EN 74, AS 1576 certified, the quality is the best. Our products are very [&hellip;]<\/p>\n","protected":false},"featured_media":7133,"menu_order":0,"template":"","product_category":[113],"class_list":["post-7152","product","type-product","status-publish","has-post-thumbnail","hentry","product_category-test-category"],"acf":[],"_links":{"self":[{"href":"https:\/\/www.scaffoldmfg.com\/fr\/wp-json\/wp\/v2\/product\/7152","targetHints":{"allow":["GET"]}}],"collection":[{"href":"https:\/\/www.scaffoldmfg.com\/fr\/wp-json\/wp\/v2\/product"}],"about":[{"href":"https:\/\/www.scaffoldmfg.com\/fr\/wp-json\/wp\/v2\/types\/product"}],"wp:featuredmedia":[{"embeddable":true,"href":"https:\/\/www.scaffoldmfg.com\/fr\/wp-json\/wp\/v2\/media\/7133"}],"wp:attachment":[{"href":"https:\/\/www.scaffoldmfg.com\/fr\/wp-json\/wp\/v2\/media?parent=7152"}],"wp:term":[{"taxonomy":"product_category","embeddable":true,"href":"https:\/\/www.scaffoldmfg.com\/fr\/wp-json\/wp\/v2\/product_category?post=7152"}],"curies":[{"name":"wp","href":"https:\/\/api.w.org\/{rel}","templated":true}]}}