{"id":7160,"date":"2024-04-17T14:56:20","date_gmt":"2024-04-17T14:56:20","guid":{"rendered":"https:\/\/www.scaffoldmfg.com\/?post_type=product&#038;p=7160"},"modified":"2024-04-18T12:51:31","modified_gmt":"2024-04-18T12:51:31","slug":"walk-through-scaffolding","status":"publish","type":"product","link":"https:\/\/www.scaffoldmfg.com\/es\/product\/andamio-de-paso\/","title":{"rendered":"andamio de paso"},"content":{"rendered":"<p>Somos fabricantes y proveedores profesionales de sistemas de andamiaje. Tambi\u00e9n somos una empresa orientada a la exportaci\u00f3n con forja, fundici\u00f3n, punzonado, soldadura, conformado en fr\u00edo. galvanizado. Todos nuestros productos se fabrican de acuerdo con la norma BS1139 o EN74. Nuestros productos se han exportado a m\u00e1s de 100 pa\u00edses y regiones en Am\u00e9rica, Europa, Isla Navassa, Rusia, Jersey, Bosnia y Herzegovina, Camer\u00fan, Georgia, Papua Nueva Guinea pa\u00eds. Somos una f\u00e1brica que cubre \u00e1reas de 10000 metros cuadrados, con talleres que cubren m\u00e1s de 4000 metros ssuqare. En la fabricaci\u00f3n de los sistemas de andamios, hay m\u00e1quinas de soldadura autom\u00e1tica y alambre de soldadura bondad para ensurethe excelente calidad.<\/p>\n<table class=\"table  table-bordered text-center\">\n<thead><\/thead>\n<tbody>\n<tr>\n<td>Nombre del producto<\/td>\n<td>andamio de paso<\/td>\n<\/tr>\n<tr>\n<td>N\u00ba de pieza<\/td>\n<td>WTSTHR-2476<\/td>\n<\/tr>\n<tr>\n<td>Servicio posventa<\/td>\n<td>Asistencia t\u00e9cnica en l\u00ednea<\/td>\n<\/tr>\n<tr>\n<td>Capacidad de soluci\u00f3n de proyectos<\/td>\n<td>dise\u00f1o gr\u00e1fico, soluci\u00f3n total para proyectos<\/td>\n<\/tr>\n<tr>\n<td>Tipo<\/td>\n<td>Base y gatos\u00a0<\/td>\n<\/tr>\n<tr>\n<td>Garant\u00eda<\/td>\n<td>5 a\u00f1os<\/td>\n<\/tr>\n<tr>\n<td>Servicio posventa<\/td>\n<td>Asistencia t\u00e9cnica en l\u00ednea<\/td>\n<\/tr>\n<tr>\n<td>Aplicaci\u00f3n<\/td>\n<td>Apartamento, Construcci\u00f3n de edificios, Apartamento, Proyecto de construcci\u00f3n<\/td>\n<\/tr>\n<tr>\n<td>Estilo de dise\u00f1o<\/td>\n<td>Industrial<\/td>\n<\/tr>\n<tr>\n<td>Lugar de origen<\/td>\n<td>Qingdao, China<\/td>\n<\/tr>\n<tr>\n<td>N\u00famero de modelo<\/td>\n<td>Sistema de andamiaje - 191<\/td>\n<\/tr>\n<tr>\n<td>Material<\/td>\n<td>Steel Q355\/Q235\/Q195\/Q235\/S235JR<\/td>\n<\/tr>\n<tr>\n<td>Tratamiento de superficies<\/td>\n<td>galvanizado en caliente<\/td>\n<\/tr>\n<tr>\n<td>Color<\/td>\n<td>Requisitos del cliente<\/td>\n<\/tr>\n<tr>\n<td>Talla<\/td>\n<td>Longitud de la bah\u00eda 2,1 mm, Altura de elevaci\u00f3n 1,8 mm, Anchura514 mm \/ Tama\u00f1o est\u00e1ndar<\/td>\n<\/tr>\n<\/tbody>\n<\/table>\n<p>&nbsp;<\/p>\n<p style=\"text-align: center;\"><b>recorrido por el andamio Taller<\/b><\/p>\n<p style=\"text-align: center;\"><img title=\"andamio de paso\" src=\"https:\/\/www.scaffoldmfg.com\/wp-content\/uploads\/2024\/04\/Scaffolding-system-11.jpg\" \/><\/p>\n<p>&nbsp;<\/p>\n<p style=\"text-align: center;\"><img title=\"andamio de paso\" src=\"https:\/\/www.scaffoldmfg.com\/wp-content\/uploads\/2024\/04\/Scaffolding-system-3.jpg\" \/><\/p>\n<p style=\"text-align: center;\"><b>Sistema de andamiaje<\/b><\/p>\n<p style=\"text-align: center;\"><img title=\"andamio de paso\" src=\"https:\/\/www.scaffoldmfg.com\/wp-content\/uploads\/2024\/04\/Scaffolding-system-4.jpg\" \/><\/p>\n<p>&nbsp;<\/p>\n<p style=\"text-align: center;\"><img title=\"andamio de paso\" src=\"https:\/\/www.scaffoldmfg.com\/wp-content\/uploads\/2024\/04\/Scaffolding-system-5.jpg\" \/><\/p>\n<p style=\"text-align: center;\"><b>Recorrido por el andamiaje Proceso de prducci\u00f3n<\/b><\/p>\n<p style=\"text-align: center;\"><img title=\"andamio de paso\" src=\"https:\/\/www.scaffoldmfg.com\/wp-content\/uploads\/2024\/04\/Scaffolding-system-6.jpg\" \/><\/p>\n<p>&nbsp;<\/p>\n<p style=\"text-align: center;\"><img title=\"andamio de paso\" src=\"https:\/\/www.scaffoldmfg.com\/wp-content\/uploads\/2024\/04\/Scaffolding-system-7.jpg\" \/><\/p>\n<p style=\"text-align: center;\"><b>Por sectores industriales<\/b><\/p>\n<p style=\"text-align: center;\"><img title=\"andamio de paso\" src=\"https:\/\/www.scaffoldmfg.com\/wp-content\/uploads\/2024\/04\/Scaffolding-system-9.jpg\" \/><\/p>\n<p>&nbsp;<\/p>\n<p style=\"text-align: center;\"><img title=\"andamio de paso\" src=\"https:\/\/www.scaffoldmfg.com\/wp-content\/uploads\/2024\/04\/Scaffolding-system-12.jpg\" \/><\/p>\n\n\n<div class=\"kk-star-ratings kksr-auto kksr-align-left kksr-valign-bottom kksr-disabled\"\n    data-payload='{&quot;align&quot;:&quot;left&quot;,&quot;id&quot;:&quot;7160&quot;,&quot;readonly&quot;:&quot;1&quot;,&quot;slug&quot;:&quot;default&quot;,&quot;valign&quot;:&quot;bottom&quot;,&quot;ignore&quot;:&quot;&quot;,&quot;reference&quot;:&quot;auto&quot;,&quot;class&quot;:&quot;&quot;,&quot;count&quot;:&quot;0&quot;,&quot;legendonly&quot;:&quot;&quot;,&quot;score&quot;:&quot;0&quot;,&quot;starsonly&quot;:&quot;&quot;,&quot;best&quot;:&quot;5&quot;,&quot;gap&quot;:&quot;4&quot;,&quot;greet&quot;:&quot;Rate this product&quot;,&quot;legend&quot;:&quot;0\\\/5 - (0 votos)&quot;,&quot;size&quot;:&quot;24&quot;,&quot;title&quot;:&quot;walk through scaffolding&quot;,&quot;width&quot;:&quot;0&quot;,&quot;_legend&quot;:&quot;{score}\\\/{best} - ({count} {votes})&quot;,&quot;font_factor&quot;:&quot;1.25&quot;}'>\n            \n<div class=\"kksr-stars\">\n    \n<div class=\"kksr-stars-inactive\">\n            <div class=\"kksr-star\" data-star=\"1\" style=\"padding-right: 4px\">\n            \n\n<div class=\"kksr-icon\" style=\"width: 24px; height: 24px;\"><\/div>\n        <\/div>\n            <div class=\"kksr-star\" data-star=\"2\" style=\"padding-right: 4px\">\n            \n\n<div class=\"kksr-icon\" style=\"width: 24px; height: 24px;\"><\/div>\n        <\/div>\n            <div class=\"kksr-star\" data-star=\"3\" style=\"padding-right: 4px\">\n            \n\n<div class=\"kksr-icon\" style=\"width: 24px; height: 24px;\"><\/div>\n        <\/div>\n            <div class=\"kksr-star\" data-star=\"4\" style=\"padding-right: 4px\">\n            \n\n<div class=\"kksr-icon\" style=\"width: 24px; height: 24px;\"><\/div>\n        <\/div>\n            <div class=\"kksr-star\" data-star=\"5\" style=\"padding-right: 4px\">\n            \n\n<div class=\"kksr-icon\" style=\"width: 24px; height: 24px;\"><\/div>\n        <\/div>\n    <\/div>\n    \n<div class=\"kksr-stars-active\" style=\"width: 0px;\">\n            <div class=\"kksr-star\" style=\"padding-right: 4px\">\n            \n\n<div class=\"kksr-icon\" style=\"width: 24px; height: 24px;\"><\/div>\n        <\/div>\n            <div class=\"kksr-star\" style=\"padding-right: 4px\">\n            \n\n<div class=\"kksr-icon\" style=\"width: 24px; height: 24px;\"><\/div>\n        <\/div>\n            <div class=\"kksr-star\" style=\"padding-right: 4px\">\n            \n\n<div class=\"kksr-icon\" style=\"width: 24px; height: 24px;\"><\/div>\n        <\/div>\n            <div class=\"kksr-star\" style=\"padding-right: 4px\">\n            \n\n<div class=\"kksr-icon\" style=\"width: 24px; height: 24px;\"><\/div>\n        <\/div>\n            <div class=\"kksr-star\" style=\"padding-right: 4px\">\n            \n\n<div class=\"kksr-icon\" style=\"width: 24px; height: 24px;\"><\/div>\n        <\/div>\n    <\/div>\n<\/div>\n                \n\n<div class=\"kksr-legend\" style=\"font-size: 19.2px;\">\n            <span class=\"kksr-muted\">Valora este producto<\/span>\n    <\/div>\n    <\/div>","protected":false},"excerpt":{"rendered":"<p>We are a professional manufacturer and supplier of scaffolding system. Also we are an export oriented enterprise with forging, casting, punching, welding, cold forming. zinc plating. All of our products are manufactured in accordance with the standard of BS1139 or EN74. Our products has been exported to more than 100 countries and regions in America,Europe, [&hellip;]<\/p>\n","protected":false},"featured_media":7133,"menu_order":0,"template":"","product_category":[113],"class_list":["post-7160","product","type-product","status-publish","has-post-thumbnail","hentry","product_category-test-category"],"acf":[],"_links":{"self":[{"href":"https:\/\/www.scaffoldmfg.com\/es\/wp-json\/wp\/v2\/product\/7160","targetHints":{"allow":["GET"]}}],"collection":[{"href":"https:\/\/www.scaffoldmfg.com\/es\/wp-json\/wp\/v2\/product"}],"about":[{"href":"https:\/\/www.scaffoldmfg.com\/es\/wp-json\/wp\/v2\/types\/product"}],"wp:featuredmedia":[{"embeddable":true,"href":"https:\/\/www.scaffoldmfg.com\/es\/wp-json\/wp\/v2\/media\/7133"}],"wp:attachment":[{"href":"https:\/\/www.scaffoldmfg.com\/es\/wp-json\/wp\/v2\/media?parent=7160"}],"wp:term":[{"taxonomy":"product_category","embeddable":true,"href":"https:\/\/www.scaffoldmfg.com\/es\/wp-json\/wp\/v2\/product_category?post=7160"}],"curies":[{"name":"wp","href":"https:\/\/api.w.org\/{rel}","templated":true}]}}