{"id":7152,"date":"2024-04-17T14:36:50","date_gmt":"2024-04-17T14:36:50","guid":{"rendered":"https:\/\/www.scaffoldmfg.com\/?post_type=product&#038;p=7152"},"modified":"2024-04-18T12:53:50","modified_gmt":"2024-04-18T12:53:50","slug":"suspended-scaffolding","status":"publish","type":"product","link":"https:\/\/www.scaffoldmfg.com\/es\/product\/andamio-colgante\/","title":{"rendered":"andamio colgante"},"content":{"rendered":"<p>Somos un fabricante l\u00edder de andamios de sistema y accesorios, Base y Gatos, andamios de marco y otros productos relacionados en la ciudad de Qingdao. Hemos estado en el negocio por m\u00e1s de 20 a\u00f1os, y todos nuestros productos son BS 1139 y EN 74, AS 1576 certificado, la calidad es la mejor. Nuestros productos son muy populares en \u00c1frica, pa\u00edses de Europa, Pakist\u00e1n, Austria, Dominica, Bielorrusia, Antillas Holandesas, Libia, Tayikist\u00e1n, pa\u00edses de Singapur, etc.<\/p>\n<table class=\"table  table-bordered text-center\">\n<thead><\/thead>\n<tbody>\n<tr>\n<td>Nombre del producto<\/td>\n<td>andamio colgante<\/td>\n<\/tr>\n<tr>\n<td>N\u00ba de pieza<\/td>\n<td>WTSTHR-2375<\/td>\n<\/tr>\n<tr>\n<td>Servicio posventa<\/td>\n<td>Asistencia t\u00e9cnica en l\u00ednea<\/td>\n<\/tr>\n<tr>\n<td>Capacidad de soluci\u00f3n de proyectos<\/td>\n<td>dise\u00f1o gr\u00e1fico, soluci\u00f3n total para proyectos<\/td>\n<\/tr>\n<tr>\n<td>Tipo<\/td>\n<td>Sistema de andamiaje Kwikstage\u00a0<\/td>\n<\/tr>\n<tr>\n<td>Garant\u00eda<\/td>\n<td>5 a\u00f1os<\/td>\n<\/tr>\n<tr>\n<td>Servicio posventa<\/td>\n<td>Asistencia t\u00e9cnica en l\u00ednea<\/td>\n<\/tr>\n<tr>\n<td>Aplicaci\u00f3n<\/td>\n<td>Apartamento, Construcci\u00f3n de edificios, Apartamento, Proyecto de construcci\u00f3n<\/td>\n<\/tr>\n<tr>\n<td>Estilo de dise\u00f1o<\/td>\n<td>Industrial<\/td>\n<\/tr>\n<tr>\n<td>Lugar de origen<\/td>\n<td>Qingdao, China<\/td>\n<\/tr>\n<tr>\n<td>N\u00famero de modelo<\/td>\n<td>Sistema de andamiaje - 366<\/td>\n<\/tr>\n<tr>\n<td>Material<\/td>\n<td>Steel Q355\/Q235\/Q195\/Q235\/S235JR<\/td>\n<\/tr>\n<tr>\n<td>Tratamiento de superficies<\/td>\n<td>galvanizado en caliente<\/td>\n<\/tr>\n<tr>\n<td>Color<\/td>\n<td>Requisitos del cliente<\/td>\n<\/tr>\n<tr>\n<td>Talla<\/td>\n<td>Longitud de bah\u00eda 2,4 mm, altura de elevaci\u00f3n 1,8 mm, anchura436 mm \/ tama\u00f1o est\u00e1ndar<\/td>\n<\/tr>\n<\/tbody>\n<\/table>\n<p>&nbsp;<\/p>\n<p style=\"text-align: center;\"><b>andamio colgante Taller<\/b><\/p>\n<p style=\"text-align: center;\"><img title=\"andamio colgante\" src=\"https:\/\/www.scaffoldmfg.com\/wp-content\/uploads\/2024\/04\/Scaffolding-system-11.jpg\" \/><\/p>\n<p>&nbsp;<\/p>\n<p style=\"text-align: center;\"><img title=\"andamio colgante\" src=\"https:\/\/www.scaffoldmfg.com\/wp-content\/uploads\/2024\/04\/Scaffolding-system-3.jpg\" \/><\/p>\n<p style=\"text-align: center;\"><b>Sistema de andamiaje<\/b><\/p>\n<p style=\"text-align: center;\"><img title=\"andamio colgante\" src=\"https:\/\/www.scaffoldmfg.com\/wp-content\/uploads\/2024\/04\/Scaffolding-system-4.jpg\" \/><\/p>\n<p>&nbsp;<\/p>\n<p style=\"text-align: center;\"><img title=\"andamio colgante\" src=\"https:\/\/www.scaffoldmfg.com\/wp-content\/uploads\/2024\/04\/Scaffolding-system-5.jpg\" \/><\/p>\n<p style=\"text-align: center;\"><b>andamio colgante Proceso de prducci\u00f3n<\/b><\/p>\n<p style=\"text-align: center;\"><img title=\"andamio colgante\" src=\"https:\/\/www.scaffoldmfg.com\/wp-content\/uploads\/2024\/04\/Scaffolding-system-6.jpg\" \/><\/p>\n<p>&nbsp;<\/p>\n<p style=\"text-align: center;\"><img title=\"andamio colgante\" src=\"https:\/\/www.scaffoldmfg.com\/wp-content\/uploads\/2024\/04\/Scaffolding-system-7.jpg\" \/><\/p>\n<p style=\"text-align: center;\"><b>Por sectores industriales<\/b><\/p>\n<p style=\"text-align: center;\"><img title=\"andamio colgante\" src=\"https:\/\/www.scaffoldmfg.com\/wp-content\/uploads\/2024\/04\/Scaffolding-system-9.jpg\" \/><\/p>\n<p>&nbsp;<\/p>\n<p style=\"text-align: center;\"><img title=\"andamio colgante\" src=\"https:\/\/www.scaffoldmfg.com\/wp-content\/uploads\/2024\/04\/Scaffolding-system-12.jpg\" \/><\/p>\n\n\n<div class=\"kk-star-ratings kksr-auto kksr-align-left kksr-valign-bottom kksr-disabled\"\n    data-payload='{&quot;align&quot;:&quot;left&quot;,&quot;id&quot;:&quot;7152&quot;,&quot;readonly&quot;:&quot;1&quot;,&quot;slug&quot;:&quot;default&quot;,&quot;valign&quot;:&quot;bottom&quot;,&quot;ignore&quot;:&quot;&quot;,&quot;reference&quot;:&quot;auto&quot;,&quot;class&quot;:&quot;&quot;,&quot;count&quot;:&quot;0&quot;,&quot;legendonly&quot;:&quot;&quot;,&quot;score&quot;:&quot;0&quot;,&quot;starsonly&quot;:&quot;&quot;,&quot;best&quot;:&quot;5&quot;,&quot;gap&quot;:&quot;4&quot;,&quot;greet&quot;:&quot;Rate this product&quot;,&quot;legend&quot;:&quot;0\\\/5 - (0 votos)&quot;,&quot;size&quot;:&quot;24&quot;,&quot;title&quot;:&quot;suspended scaffolding&quot;,&quot;width&quot;:&quot;0&quot;,&quot;_legend&quot;:&quot;{score}\\\/{best} - ({count} {votes})&quot;,&quot;font_factor&quot;:&quot;1.25&quot;}'>\n            \n<div class=\"kksr-stars\">\n    \n<div class=\"kksr-stars-inactive\">\n            <div class=\"kksr-star\" data-star=\"1\" style=\"padding-right: 4px\">\n            \n\n<div class=\"kksr-icon\" style=\"width: 24px; height: 24px;\"><\/div>\n        <\/div>\n            <div class=\"kksr-star\" data-star=\"2\" style=\"padding-right: 4px\">\n            \n\n<div class=\"kksr-icon\" style=\"width: 24px; height: 24px;\"><\/div>\n        <\/div>\n            <div class=\"kksr-star\" data-star=\"3\" style=\"padding-right: 4px\">\n            \n\n<div class=\"kksr-icon\" style=\"width: 24px; height: 24px;\"><\/div>\n        <\/div>\n            <div class=\"kksr-star\" data-star=\"4\" style=\"padding-right: 4px\">\n            \n\n<div class=\"kksr-icon\" style=\"width: 24px; height: 24px;\"><\/div>\n        <\/div>\n            <div class=\"kksr-star\" data-star=\"5\" style=\"padding-right: 4px\">\n            \n\n<div class=\"kksr-icon\" style=\"width: 24px; height: 24px;\"><\/div>\n        <\/div>\n    <\/div>\n    \n<div class=\"kksr-stars-active\" style=\"width: 0px;\">\n            <div class=\"kksr-star\" style=\"padding-right: 4px\">\n            \n\n<div class=\"kksr-icon\" style=\"width: 24px; height: 24px;\"><\/div>\n        <\/div>\n            <div class=\"kksr-star\" style=\"padding-right: 4px\">\n            \n\n<div class=\"kksr-icon\" style=\"width: 24px; height: 24px;\"><\/div>\n        <\/div>\n            <div class=\"kksr-star\" style=\"padding-right: 4px\">\n            \n\n<div class=\"kksr-icon\" style=\"width: 24px; height: 24px;\"><\/div>\n        <\/div>\n            <div class=\"kksr-star\" style=\"padding-right: 4px\">\n            \n\n<div class=\"kksr-icon\" style=\"width: 24px; height: 24px;\"><\/div>\n        <\/div>\n            <div class=\"kksr-star\" style=\"padding-right: 4px\">\n            \n\n<div class=\"kksr-icon\" style=\"width: 24px; height: 24px;\"><\/div>\n        <\/div>\n    <\/div>\n<\/div>\n                \n\n<div class=\"kksr-legend\" style=\"font-size: 19.2px;\">\n            <span class=\"kksr-muted\">Valora este producto<\/span>\n    <\/div>\n    <\/div>","protected":false},"excerpt":{"rendered":"<p>We are a leading manufacturer of system scaffoldings and accessories, Base &amp; Jacks, frame scaffolding and other related products in Qingdao City. We have been in the business for more than 20 years, and all our products are BS 1139 and EN 74, AS 1576 certified, the quality is the best. Our products are very [&hellip;]<\/p>\n","protected":false},"featured_media":7133,"menu_order":0,"template":"","product_category":[113],"class_list":["post-7152","product","type-product","status-publish","has-post-thumbnail","hentry","product_category-test-category"],"acf":[],"_links":{"self":[{"href":"https:\/\/www.scaffoldmfg.com\/es\/wp-json\/wp\/v2\/product\/7152","targetHints":{"allow":["GET"]}}],"collection":[{"href":"https:\/\/www.scaffoldmfg.com\/es\/wp-json\/wp\/v2\/product"}],"about":[{"href":"https:\/\/www.scaffoldmfg.com\/es\/wp-json\/wp\/v2\/types\/product"}],"wp:featuredmedia":[{"embeddable":true,"href":"https:\/\/www.scaffoldmfg.com\/es\/wp-json\/wp\/v2\/media\/7133"}],"wp:attachment":[{"href":"https:\/\/www.scaffoldmfg.com\/es\/wp-json\/wp\/v2\/media?parent=7152"}],"wp:term":[{"taxonomy":"product_category","embeddable":true,"href":"https:\/\/www.scaffoldmfg.com\/es\/wp-json\/wp\/v2\/product_category?post=7152"}],"curies":[{"name":"wp","href":"https:\/\/api.w.org\/{rel}","templated":true}]}}