{"id":7376,"date":"2024-07-11T13:27:49","date_gmt":"2024-07-11T13:27:49","guid":{"rendered":"https:\/\/www.scaffoldmfg.com\/?post_type=product&#038;p=7376"},"modified":"2024-07-11T13:27:49","modified_gmt":"2024-07-11T13:27:49","slug":"scaffolding-for-painters","status":"publish","type":"product","link":"https:\/\/www.scaffoldmfg.com\/de\/product\/geruste-fur-maler\/","title":{"rendered":"Ger\u00fcste f\u00fcr Maler"},"content":{"rendered":"<p>Qingdao WanchengTai ist die internationale Gesch\u00e4ftsabteilung der Qingdao Wancheng Group, die einen neuen Industriepark mit mehr als 10.000 m2 aufgebaut hat. Und unsere Produktionskapazit\u00e4t kann bis zu 50.000 Tonnen\/Jahr im vollst\u00e4ndigen Zustand erreichen.<\/p>\n<p>Wancheng steht seit mehr als 20 Jahren im Dienste der Bauindustrie und stellt hochwertige und kosteng\u00fcnstige Ger\u00fcste her. Wir haben uns schnell einen Namen als \"vertrauensw\u00fcrdiger Lieferant\" gemacht und haben Auftr\u00e4ge von mehreren f\u00fchrenden Unternehmen der Branche best\u00e4tigt und liefern mehr als 1.200 Tonnen pro Monat.<\/p>\n<table class=\"table  table-bordered text-center\">\n<thead><\/thead>\n<tbody>\n<tr>\n<td>Name des Produkts<\/td>\n<td>Ger\u00fcste f\u00fcr Maler<\/td>\n<\/tr>\n<tr>\n<td>Teil Nr.<\/td>\n<td>WTSTHR-2777<\/td>\n<\/tr>\n<tr>\n<td>Nachverkaufs-Service<\/td>\n<td>Technische Online-Unterst\u00fctzung<\/td>\n<\/tr>\n<tr>\n<td>Projektl\u00f6sungskompetenz<\/td>\n<td>Grafikdesign, Gesamtl\u00f6sung f\u00fcr Projekte<\/td>\n<\/tr>\n<tr>\n<td>Typ<\/td>\n<td>Ringlock-Ger\u00fcstsystem&nbsp;<\/td>\n<\/tr>\n<tr>\n<td>Garantie<\/td>\n<td>5 Jahre<\/td>\n<\/tr>\n<tr>\n<td>Nachverkaufs-Service<\/td>\n<td>Technische Online-Unterst\u00fctzung<\/td>\n<\/tr>\n<tr>\n<td>Anmeldung<\/td>\n<td>Wohnung, Hochbau, Wohnung, Bauprojekt<\/td>\n<\/tr>\n<tr>\n<td>Design-Stil<\/td>\n<td>Industriell<\/td>\n<\/tr>\n<tr>\n<td>Ort der Herkunft<\/td>\n<td>Qingdao, China<\/td>\n<\/tr>\n<tr>\n<td>Modellnummer<\/td>\n<td>Scaffolding system &#8211; 532<\/td>\n<\/tr>\n<tr>\n<td>Material<\/td>\n<td>Steel Q355\/Q235\/Q195\/Q235\/S235JR<\/td>\n<\/tr>\n<tr>\n<td>Oberfl\u00e4chenbehandlung<\/td>\n<td>feuerverzinkt<\/td>\n<\/tr>\n<tr>\n<td>Farbe<\/td>\n<td>Kundenanforderungen<\/td>\n<\/tr>\n<tr>\n<td>Gr\u00f6\u00dfe<\/td>\n<td>Bay Length 2.4mm,&nbsp;Lift Height&nbsp;2mm, Width435mm \/ Standard Size<\/td>\n<\/tr>\n<\/tbody>\n<\/table>\n<p style=\"text-align: center;\"><b>scaffolding for painters Workshop<\/b><\/p>\n<p style=\"text-align:center;\"><img src=\"https:\/\/www.scaffoldmfg.com\/wp-content\/uploads\/2024\/04\/Scaffolding-system-11.jpg\" atl=\"scaffolding for painters\" title=\"Ger\u00fcste f\u00fcr Maler\"><\/p>\n<p><strong><\/strong><\/p>\n<p style=\"text-align:center;\"><img src=\"https:\/\/www.scaffoldmfg.com\/wp-content\/uploads\/2024\/04\/Scaffolding-system-3.jpg\" atl=\"scaffolding for painters\" title=\"Ger\u00fcste f\u00fcr Maler\"><\/p>\n<p style=\"text-align: center;\"><b>Ger\u00fcstsystem<\/b><\/p>\n<p style=\"text-align:center;\"><img src=\"https:\/\/www.scaffoldmfg.com\/wp-content\/uploads\/2024\/04\/Scaffolding-system-4.jpg\" atl=\"scaffolding for painters\" title=\"Ger\u00fcste f\u00fcr Maler\"><\/p>\n<p><strong><\/strong><\/p>\n<p style=\"text-align:center;\"><img src=\"https:\/\/www.scaffoldmfg.com\/wp-content\/uploads\/2024\/04\/Scaffolding-system-5.jpg\" atl=\"scaffolding for painters\" title=\"Ger\u00fcste f\u00fcr Maler\"><\/p>\n<p style=\"text-align: center;\"><b>scaffolding for painters Prdduction Process<\/b><\/p>\n<p style=\"text-align:center;\"><img src=\"https:\/\/www.scaffoldmfg.com\/wp-content\/uploads\/2024\/04\/Scaffolding-system-6.jpg\" atl=\"scaffolding for painters\" title=\"Ger\u00fcste f\u00fcr Maler\"><\/p>\n<p><strong><\/strong><\/p>\n<p style=\"text-align:center;\"><img src=\"https:\/\/www.scaffoldmfg.com\/wp-content\/uploads\/2024\/04\/Scaffolding-system-7.jpg\" atl=\"scaffolding for painters\" title=\"Ger\u00fcste f\u00fcr Maler\"><\/p>\n<p style=\"text-align: center;\"><b>Nach Industriesektoren<\/b><\/p>\n<p style=\"text-align:center;\"><img src=\"https:\/\/www.scaffoldmfg.com\/wp-content\/uploads\/2024\/04\/Scaffolding-system-9.jpg\" atl=\"scaffolding for painters\" title=\"Ger\u00fcste f\u00fcr Maler\"><\/p>\n<p><strong><\/strong><\/p>\n<p style=\"text-align:center;\"><img src=\"https:\/\/www.scaffoldmfg.com\/wp-content\/uploads\/2024\/04\/Scaffolding-system-12.jpg\" atl=\"scaffolding for painters\" title=\"Ger\u00fcste f\u00fcr Maler\"><\/p>\n<p>Tag\uff1a<a href=\"https:\/\/www.scaffoldmfg.com\/de\/product\/farbgerust\/\">Farbger\u00fcst<\/a>   <a href=\"https:\/\/www.scaffoldmfg.com\/de\/\">Rohrger\u00fcst<\/a><\/p>\n<p><\/p>\n\n\n<div class=\"kk-star-ratings kksr-auto kksr-align-left kksr-valign-bottom kksr-disabled\"\n    data-payload='{&quot;align&quot;:&quot;left&quot;,&quot;id&quot;:&quot;7376&quot;,&quot;readonly&quot;:&quot;1&quot;,&quot;slug&quot;:&quot;default&quot;,&quot;valign&quot;:&quot;bottom&quot;,&quot;ignore&quot;:&quot;&quot;,&quot;reference&quot;:&quot;auto&quot;,&quot;class&quot;:&quot;&quot;,&quot;count&quot;:&quot;0&quot;,&quot;legendonly&quot;:&quot;&quot;,&quot;score&quot;:&quot;0&quot;,&quot;starsonly&quot;:&quot;&quot;,&quot;best&quot;:&quot;5&quot;,&quot;gap&quot;:&quot;4&quot;,&quot;greet&quot;:&quot;Rate this product&quot;,&quot;legend&quot;:&quot;0\\\/5 - (0 votes)&quot;,&quot;size&quot;:&quot;24&quot;,&quot;title&quot;:&quot;scaffolding for painters&quot;,&quot;width&quot;:&quot;0&quot;,&quot;_legend&quot;:&quot;{score}\\\/{best} - ({count} {votes})&quot;,&quot;font_factor&quot;:&quot;1.25&quot;}'>\n            \n<div class=\"kksr-stars\">\n    \n<div class=\"kksr-stars-inactive\">\n            <div class=\"kksr-star\" data-star=\"1\" style=\"padding-right: 4px\">\n            \n\n<div class=\"kksr-icon\" style=\"width: 24px; height: 24px;\"><\/div>\n        <\/div>\n            <div class=\"kksr-star\" data-star=\"2\" style=\"padding-right: 4px\">\n            \n\n<div class=\"kksr-icon\" style=\"width: 24px; height: 24px;\"><\/div>\n        <\/div>\n            <div class=\"kksr-star\" data-star=\"3\" style=\"padding-right: 4px\">\n            \n\n<div class=\"kksr-icon\" style=\"width: 24px; height: 24px;\"><\/div>\n        <\/div>\n            <div class=\"kksr-star\" data-star=\"4\" style=\"padding-right: 4px\">\n            \n\n<div class=\"kksr-icon\" style=\"width: 24px; height: 24px;\"><\/div>\n        <\/div>\n            <div class=\"kksr-star\" data-star=\"5\" style=\"padding-right: 4px\">\n            \n\n<div class=\"kksr-icon\" style=\"width: 24px; height: 24px;\"><\/div>\n        <\/div>\n    <\/div>\n    \n<div class=\"kksr-stars-active\" style=\"width: 0px;\">\n            <div class=\"kksr-star\" style=\"padding-right: 4px\">\n            \n\n<div class=\"kksr-icon\" style=\"width: 24px; height: 24px;\"><\/div>\n        <\/div>\n            <div class=\"kksr-star\" style=\"padding-right: 4px\">\n            \n\n<div class=\"kksr-icon\" style=\"width: 24px; height: 24px;\"><\/div>\n        <\/div>\n            <div class=\"kksr-star\" style=\"padding-right: 4px\">\n            \n\n<div class=\"kksr-icon\" style=\"width: 24px; height: 24px;\"><\/div>\n        <\/div>\n            <div class=\"kksr-star\" style=\"padding-right: 4px\">\n            \n\n<div class=\"kksr-icon\" style=\"width: 24px; height: 24px;\"><\/div>\n        <\/div>\n            <div class=\"kksr-star\" style=\"padding-right: 4px\">\n            \n\n<div class=\"kksr-icon\" style=\"width: 24px; height: 24px;\"><\/div>\n        <\/div>\n    <\/div>\n<\/div>\n                \n\n<div class=\"kksr-legend\" style=\"font-size: 19.2px;\">\n            <span class=\"kksr-muted\">Bewerten Sie dieses Produkt<\/span>\n    <\/div>\n    <\/div>","protected":false},"excerpt":{"rendered":"<p>Qingdao WanchengTai is the international business department of Qingdao Wancheng Group, which has built up a new industry park with more than 10,000m2. And our production capacity can reach up to 50,000 tons\/year in complete condition. Wancheng has been serving the building industry for a combined period of more than 20 years, manufacturing quality and [&hellip;]<\/p>\n","protected":false},"featured_media":7133,"menu_order":0,"template":"","product_category":[113],"class_list":["post-7376","product","type-product","status-publish","has-post-thumbnail","hentry","product_category-test-category"],"acf":[],"_links":{"self":[{"href":"https:\/\/www.scaffoldmfg.com\/de\/wp-json\/wp\/v2\/product\/7376","targetHints":{"allow":["GET"]}}],"collection":[{"href":"https:\/\/www.scaffoldmfg.com\/de\/wp-json\/wp\/v2\/product"}],"about":[{"href":"https:\/\/www.scaffoldmfg.com\/de\/wp-json\/wp\/v2\/types\/product"}],"wp:featuredmedia":[{"embeddable":true,"href":"https:\/\/www.scaffoldmfg.com\/de\/wp-json\/wp\/v2\/media\/7133"}],"wp:attachment":[{"href":"https:\/\/www.scaffoldmfg.com\/de\/wp-json\/wp\/v2\/media?parent=7376"}],"wp:term":[{"taxonomy":"product_category","embeddable":true,"href":"https:\/\/www.scaffoldmfg.com\/de\/wp-json\/wp\/v2\/product_category?post=7376"}],"curies":[{"name":"wp","href":"https:\/\/api.w.org\/{rel}","templated":true}]}}