{"id":7216,"date":"2024-05-11T15:13:11","date_gmt":"2024-05-11T15:13:11","guid":{"rendered":"https:\/\/www.scaffoldmfg.com\/?post_type=product&#038;p=7216"},"modified":"2024-05-11T15:13:11","modified_gmt":"2024-05-11T15:13:11","slug":"scaffolding-companies","status":"publish","type":"product","link":"https:\/\/www.scaffoldmfg.com\/de\/product\/gerustbauunternehmen\/","title":{"rendered":"Ger\u00fcstbauunternehmen"},"content":{"rendered":"<p>$keyworrd{5} ist einer der f\u00fchrenden Hersteller von Ger\u00fcsten. Als ein professioneller Hersteller und Exporteur, bieten wir unseren Kunden Waren einschlie\u00dflich St\u00fctzen, Ger\u00fcstverleih, 8 Fu\u00df Ger\u00fcst, Ger\u00fcstturm, Innenger\u00fcst, Kosten f\u00fcr Ger\u00fcste etc.  In mehr als 20 Jahren haben wir sehr gute Gesch\u00e4ftspartnerschaften mit vielen \u00dcbersee-Unternehmen in Europa, Ozeanien, wie \u00c4quatorialguinea, Deutschland, Trinidad und Tobago, USA usw. entwickelt. Nachdem wir viel Erfahrung in der Herstellung und Export in diesem Bereich angesammelt haben, haben wir einen guten Ruf f\u00fcr Jahre der besten Qualit\u00e4t, angemessenen Preis, prompte Lieferung und ausgezeichneten Service und professionelle Beratung auf Kundenanfragen gewonnen.Nachdem wir viel Erfahrung in der Herstellung und Export in diesem Bereich angesammelt haben, haben wir einen guten Ruf f\u00fcr Jahre der besten Qualit\u00e4t, angemessenen Preis, prompte Lieferung und ausgezeichneten Service und professionelle Beratung auf Kundenanfragen gewonnen.<\/p>\n<table class=\"table  table-bordered text-center\">\n<thead><\/thead>\n<tbody>\n<tr>\n<td>Name des Produkts<\/td>\n<td>Ger\u00fcstbauunternehmen<\/td>\n<\/tr>\n<tr>\n<td>Teil Nr.<\/td>\n<td>WTSTHR-2703<\/td>\n<\/tr>\n<tr>\n<td>Nachverkaufs-Service<\/td>\n<td>Technische Online-Unterst\u00fctzung<\/td>\n<\/tr>\n<tr>\n<td>Projektl\u00f6sungskompetenz<\/td>\n<td>Grafikdesign, Gesamtl\u00f6sung f\u00fcr Projekte<\/td>\n<\/tr>\n<tr>\n<td>Typ<\/td>\n<td>Sockel &amp; Buchsen&nbsp;<\/td>\n<\/tr>\n<tr>\n<td>Garantie<\/td>\n<td>5 Jahre<\/td>\n<\/tr>\n<tr>\n<td>Nachverkaufs-Service<\/td>\n<td>Technische Online-Unterst\u00fctzung<\/td>\n<\/tr>\n<tr>\n<td>Anmeldung<\/td>\n<td>Wohnung, Hochbau, Wohnung, Bauprojekt<\/td>\n<\/tr>\n<tr>\n<td>Design-Stil<\/td>\n<td>Industriell<\/td>\n<\/tr>\n<tr>\n<td>Ort der Herkunft<\/td>\n<td>Qingdao, China<\/td>\n<\/tr>\n<tr>\n<td>Modellnummer<\/td>\n<td>Ger\u00fcstsystem - 121<\/td>\n<\/tr>\n<tr>\n<td>Material<\/td>\n<td>Steel Q355\/Q235\/Q195\/Q235\/S235JR<\/td>\n<\/tr>\n<tr>\n<td>Oberfl\u00e4chenbehandlung<\/td>\n<td>feuerverzinkt<\/td>\n<\/tr>\n<tr>\n<td>Farbe<\/td>\n<td>Kundenanforderungen<\/td>\n<\/tr>\n<tr>\n<td>Gr\u00f6\u00dfe<\/td>\n<td>Feldl\u00e4nge 2,1 mm, Hubh\u00f6he 1,9 mm, Breite 484 mm \/ Standardgr\u00f6\u00dfe<\/td>\n<\/tr>\n<\/tbody>\n<\/table>\n<p style=\"text-align: center;\"><b>Ger\u00fcstbauunternehmen Workshop<\/b><\/p>\n<p style=\"text-align:center;\"><img src=\"https:\/\/www.scaffoldmfg.com\/wp-content\/uploads\/2024\/04\/Scaffolding-system-11.jpg\" atl=\"scaffolding companies\" title=\"Ger\u00fcstbauunternehmen\"><\/p>\n<p><strong><\/strong><\/p>\n<p style=\"text-align:center;\"><img src=\"https:\/\/www.scaffoldmfg.com\/wp-content\/uploads\/2024\/04\/Scaffolding-system-3.jpg\" atl=\"scaffolding companies\" title=\"Ger\u00fcstbauunternehmen\"><\/p>\n<p style=\"text-align: center;\"><b>Ger\u00fcstsystem<\/b><\/p>\n<p style=\"text-align:center;\"><img src=\"https:\/\/www.scaffoldmfg.com\/wp-content\/uploads\/2024\/04\/Scaffolding-system-4.jpg\" atl=\"scaffolding companies\" title=\"Ger\u00fcstbauunternehmen\"><\/p>\n<p><strong><\/strong><\/p>\n<p style=\"text-align:center;\"><img src=\"https:\/\/www.scaffoldmfg.com\/wp-content\/uploads\/2024\/04\/Scaffolding-system-5.jpg\" atl=\"scaffolding companies\" title=\"Ger\u00fcstbauunternehmen\"><\/p>\n<p style=\"text-align: center;\"><b>Ger\u00fcstbauunternehmen Prdduktionsprozess<\/b><\/p>\n<p style=\"text-align:center;\"><img src=\"https:\/\/www.scaffoldmfg.com\/wp-content\/uploads\/2024\/04\/Scaffolding-system-6.jpg\" atl=\"scaffolding companies\" title=\"Ger\u00fcstbauunternehmen\"><\/p>\n<p><strong><\/strong><\/p>\n<p style=\"text-align:center;\"><img src=\"https:\/\/www.scaffoldmfg.com\/wp-content\/uploads\/2024\/04\/Scaffolding-system-7.jpg\" atl=\"scaffolding companies\" title=\"Ger\u00fcstbauunternehmen\"><\/p>\n<p style=\"text-align: center;\"><b>Nach Industriesektoren<\/b><\/p>\n<p style=\"text-align:center;\"><img src=\"https:\/\/www.scaffoldmfg.com\/wp-content\/uploads\/2024\/04\/Scaffolding-system-9.jpg\" atl=\"scaffolding companies\" title=\"Ger\u00fcstbauunternehmen\"><\/p>\n<p><strong><\/strong><\/p>\n<p style=\"text-align:center;\"><img src=\"https:\/\/www.scaffoldmfg.com\/wp-content\/uploads\/2024\/04\/Scaffolding-system-12.jpg\" atl=\"scaffolding companies\" title=\"Ger\u00fcstbauunternehmen\"><\/p>\n<p><a href=\"https:\/\/www.scaffoldmfg.com\/de\/product\/leiter-gerust-planke\/\">leiter ger\u00fcst planke<\/a>   <a href=\"https:\/\/www.scaffoldmfg.com\/de\/\">Ger\u00fcstsystem<\/a><\/p>\n<p><\/p>\n\n\n<div class=\"kk-star-ratings kksr-auto kksr-align-left kksr-valign-bottom kksr-disabled\"\n    data-payload='{&quot;align&quot;:&quot;left&quot;,&quot;id&quot;:&quot;7216&quot;,&quot;readonly&quot;:&quot;1&quot;,&quot;slug&quot;:&quot;default&quot;,&quot;valign&quot;:&quot;bottom&quot;,&quot;ignore&quot;:&quot;&quot;,&quot;reference&quot;:&quot;auto&quot;,&quot;class&quot;:&quot;&quot;,&quot;count&quot;:&quot;0&quot;,&quot;legendonly&quot;:&quot;&quot;,&quot;score&quot;:&quot;0&quot;,&quot;starsonly&quot;:&quot;&quot;,&quot;best&quot;:&quot;5&quot;,&quot;gap&quot;:&quot;4&quot;,&quot;greet&quot;:&quot;Rate this product&quot;,&quot;legend&quot;:&quot;0\\\/5 - (0 votes)&quot;,&quot;size&quot;:&quot;24&quot;,&quot;title&quot;:&quot;scaffolding companies&quot;,&quot;width&quot;:&quot;0&quot;,&quot;_legend&quot;:&quot;{score}\\\/{best} - ({count} {votes})&quot;,&quot;font_factor&quot;:&quot;1.25&quot;}'>\n            \n<div class=\"kksr-stars\">\n    \n<div class=\"kksr-stars-inactive\">\n            <div class=\"kksr-star\" data-star=\"1\" style=\"padding-right: 4px\">\n            \n\n<div class=\"kksr-icon\" style=\"width: 24px; height: 24px;\"><\/div>\n        <\/div>\n            <div class=\"kksr-star\" data-star=\"2\" style=\"padding-right: 4px\">\n            \n\n<div class=\"kksr-icon\" style=\"width: 24px; height: 24px;\"><\/div>\n        <\/div>\n            <div class=\"kksr-star\" data-star=\"3\" style=\"padding-right: 4px\">\n            \n\n<div class=\"kksr-icon\" style=\"width: 24px; height: 24px;\"><\/div>\n        <\/div>\n            <div class=\"kksr-star\" data-star=\"4\" style=\"padding-right: 4px\">\n            \n\n<div class=\"kksr-icon\" style=\"width: 24px; height: 24px;\"><\/div>\n        <\/div>\n            <div class=\"kksr-star\" data-star=\"5\" style=\"padding-right: 4px\">\n            \n\n<div class=\"kksr-icon\" style=\"width: 24px; height: 24px;\"><\/div>\n        <\/div>\n    <\/div>\n    \n<div class=\"kksr-stars-active\" style=\"width: 0px;\">\n            <div class=\"kksr-star\" style=\"padding-right: 4px\">\n            \n\n<div class=\"kksr-icon\" style=\"width: 24px; height: 24px;\"><\/div>\n        <\/div>\n            <div class=\"kksr-star\" style=\"padding-right: 4px\">\n            \n\n<div class=\"kksr-icon\" style=\"width: 24px; height: 24px;\"><\/div>\n        <\/div>\n            <div class=\"kksr-star\" style=\"padding-right: 4px\">\n            \n\n<div class=\"kksr-icon\" style=\"width: 24px; height: 24px;\"><\/div>\n        <\/div>\n            <div class=\"kksr-star\" style=\"padding-right: 4px\">\n            \n\n<div class=\"kksr-icon\" style=\"width: 24px; height: 24px;\"><\/div>\n        <\/div>\n            <div class=\"kksr-star\" style=\"padding-right: 4px\">\n            \n\n<div class=\"kksr-icon\" style=\"width: 24px; height: 24px;\"><\/div>\n        <\/div>\n    <\/div>\n<\/div>\n                \n\n<div class=\"kksr-legend\" style=\"font-size: 19.2px;\">\n            <span class=\"kksr-muted\">Bewerten Sie dieses Produkt<\/span>\n    <\/div>\n    <\/div>","protected":false},"excerpt":{"rendered":"<p>$keyworrd{5} is one of the leading scaffolding manufacturers. As a professional manufacturer and exporter, we offer our customers commodities including Shoring Props, scaffolding rental service,8 ft scaffolding,scaffolding tower,indoor scaffolding,cost of scaffolding etc. Over more than 20 years, we have developed very good business partnerships with many overseas enterprises in Europe,Oceania, such as Equatorial Guinea,Germany,Trinidad and [&hellip;]<\/p>\n","protected":false},"featured_media":7133,"menu_order":0,"template":"","product_category":[113],"class_list":["post-7216","product","type-product","status-publish","has-post-thumbnail","hentry","product_category-test-category"],"acf":[],"_links":{"self":[{"href":"https:\/\/www.scaffoldmfg.com\/de\/wp-json\/wp\/v2\/product\/7216","targetHints":{"allow":["GET"]}}],"collection":[{"href":"https:\/\/www.scaffoldmfg.com\/de\/wp-json\/wp\/v2\/product"}],"about":[{"href":"https:\/\/www.scaffoldmfg.com\/de\/wp-json\/wp\/v2\/types\/product"}],"wp:featuredmedia":[{"embeddable":true,"href":"https:\/\/www.scaffoldmfg.com\/de\/wp-json\/wp\/v2\/media\/7133"}],"wp:attachment":[{"href":"https:\/\/www.scaffoldmfg.com\/de\/wp-json\/wp\/v2\/media?parent=7216"}],"wp:term":[{"taxonomy":"product_category","embeddable":true,"href":"https:\/\/www.scaffoldmfg.com\/de\/wp-json\/wp\/v2\/product_category?post=7216"}],"curies":[{"name":"wp","href":"https:\/\/api.w.org\/{rel}","templated":true}]}}