{"id":7203,"date":"2024-05-11T13:53:46","date_gmt":"2024-05-11T13:53:46","guid":{"rendered":"https:\/\/www.scaffoldmfg.com\/?post_type=product&#038;p=7203"},"modified":"2024-05-11T13:53:46","modified_gmt":"2024-05-11T13:53:46","slug":"downtown-orlando-scaffolding","status":"publish","type":"product","link":"https:\/\/www.scaffoldmfg.com\/de\/product\/gerustbau-in-der-innenstadt-von-orlando\/","title":{"rendered":"Ger\u00fcstbau in der Innenstadt von Orlando"},"content":{"rendered":"<p>Qingdao WanchengTai ist eine professionelle Ger\u00fcstsystem Fabrik, die Cuplock Ger\u00fcstsystem und andere Ger\u00fcstprodukte liefert. Seit seiner Gr\u00fcndung arbeitet unser Unternehmen eng mit vielen bekannten Metallherstellern in China zusammen und hat eine strategische Partnerschaft aufgebaut. Unsere Produkte werden nach Asien, Liechtenstein, Syrien, Spanien und auf die F\u00e4r\u00f6er Inseln exportiert. Das Unternehmen steht seit jeher an der Spitze der inl\u00e4ndischen Versorgung mit Baumaterialien und h\u00e4lt sich an das Prinzip der Bodenst\u00e4ndigkeit, der Weitsicht und der Innovation, um den Kunden von ganzem Herzen zu dienen. Ein starkes Pre-Sales, After-Sales und andere Service-Systeme wurden auf Kundenservice organisiert.Unsere Gesch\u00e4ftsphilosophie: Dicke versammelt Menschen<\/p>\n<table class=\"table  table-bordered text-center\">\n<thead><\/thead>\n<tbody>\n<tr>\n<td>Name des Produkts<\/td>\n<td>Ger\u00fcstbau in der Innenstadt von Orlando<\/td>\n<\/tr>\n<tr>\n<td>Teil Nr.<\/td>\n<td>WTSTHR-2678<\/td>\n<\/tr>\n<tr>\n<td>Nachverkaufs-Service<\/td>\n<td>Technische Online-Unterst\u00fctzung<\/td>\n<\/tr>\n<tr>\n<td>Projektl\u00f6sungskompetenz<\/td>\n<td>Grafikdesign, Gesamtl\u00f6sung f\u00fcr Projekte<\/td>\n<\/tr>\n<tr>\n<td>Typ<\/td>\n<td>Sockel &amp; Buchsen&nbsp;<\/td>\n<\/tr>\n<tr>\n<td>Garantie<\/td>\n<td>5 Jahre<\/td>\n<\/tr>\n<tr>\n<td>Nachverkaufs-Service<\/td>\n<td>Technische Online-Unterst\u00fctzung<\/td>\n<\/tr>\n<tr>\n<td>Anmeldung<\/td>\n<td>Wohnung, Hochbau, Wohnung, Bauprojekt<\/td>\n<\/tr>\n<tr>\n<td>Design-Stil<\/td>\n<td>Industriell<\/td>\n<\/tr>\n<tr>\n<td>Ort der Herkunft<\/td>\n<td>Qingdao, China<\/td>\n<\/tr>\n<tr>\n<td>Modellnummer<\/td>\n<td>Ger\u00fcstsystem - 579<\/td>\n<\/tr>\n<tr>\n<td>Material<\/td>\n<td>Steel Q355\/Q235\/Q195\/Q235\/S235JR<\/td>\n<\/tr>\n<tr>\n<td>Oberfl\u00e4chenbehandlung<\/td>\n<td>feuerverzinkt<\/td>\n<\/tr>\n<tr>\n<td>Farbe<\/td>\n<td>Kundenanforderungen<\/td>\n<\/tr>\n<tr>\n<td>Gr\u00f6\u00dfe<\/td>\n<td>Feldl\u00e4nge 2,3 mm, Hubh\u00f6he 1,6 mm, Breite 528 mm \/ Standardgr\u00f6\u00dfe<\/td>\n<\/tr>\n<\/tbody>\n<\/table>\n<p style=\"text-align: center;\"><b>Zentrum von Orlando Ger\u00fcstbau Workshop<\/b><\/p>\n<p style=\"text-align:center;\"><img src=\"https:\/\/www.scaffoldmfg.com\/wp-content\/uploads\/2024\/04\/Scaffolding-system-11.jpg\" atl=\"downtown orlando scaffolding\" title=\"Ger\u00fcstbau in der Innenstadt von Orlando\"><\/p>\n<p><strong><\/strong><\/p>\n<p style=\"text-align:center;\"><img src=\"https:\/\/www.scaffoldmfg.com\/wp-content\/uploads\/2024\/04\/Scaffolding-system-3.jpg\" atl=\"downtown orlando scaffolding\" title=\"Ger\u00fcstbau in der Innenstadt von Orlando\"><\/p>\n<p style=\"text-align: center;\"><b>Ger\u00fcstsystem<\/b><\/p>\n<p style=\"text-align:center;\"><img src=\"https:\/\/www.scaffoldmfg.com\/wp-content\/uploads\/2024\/04\/Scaffolding-system-4.jpg\" atl=\"downtown orlando scaffolding\" title=\"Ger\u00fcstbau in der Innenstadt von Orlando\"><\/p>\n<p><strong><\/strong><\/p>\n<p style=\"text-align:center;\"><img src=\"https:\/\/www.scaffoldmfg.com\/wp-content\/uploads\/2024\/04\/Scaffolding-system-5.jpg\" atl=\"downtown orlando scaffolding\" title=\"Ger\u00fcstbau in der Innenstadt von Orlando\"><\/p>\n<p style=\"text-align: center;\"><b>downtown orlando scaffolding Prdduction Process<\/b><\/p>\n<p style=\"text-align:center;\"><img src=\"https:\/\/www.scaffoldmfg.com\/wp-content\/uploads\/2024\/04\/Scaffolding-system-6.jpg\" atl=\"downtown orlando scaffolding\" title=\"Ger\u00fcstbau in der Innenstadt von Orlando\"><\/p>\n<p><strong><\/strong><\/p>\n<p style=\"text-align:center;\"><img src=\"https:\/\/www.scaffoldmfg.com\/wp-content\/uploads\/2024\/04\/Scaffolding-system-7.jpg\" atl=\"downtown orlando scaffolding\" title=\"Ger\u00fcstbau in der Innenstadt von Orlando\"><\/p>\n<p style=\"text-align: center;\"><b>Nach Industriesektoren<\/b><\/p>\n<p style=\"text-align:center;\"><img src=\"https:\/\/www.scaffoldmfg.com\/wp-content\/uploads\/2024\/04\/Scaffolding-system-9.jpg\" atl=\"downtown orlando scaffolding\" title=\"Ger\u00fcstbau in der Innenstadt von Orlando\"><\/p>\n<p><strong><\/strong><\/p>\n<p style=\"text-align:center;\"><img src=\"https:\/\/www.scaffoldmfg.com\/wp-content\/uploads\/2024\/04\/Scaffolding-system-12.jpg\" atl=\"downtown orlando scaffolding\" title=\"Ger\u00fcstbau in der Innenstadt von Orlando\"><\/p>\n<p>Tag\uff1a<a href=\"https:\/\/www.scaffoldmfg.com\/de\/product\/abstellgleisgerust\/\">Abstellgleisger\u00fcst<\/a><\/p>\n<p><\/p>\n\n\n<div class=\"kk-star-ratings kksr-auto kksr-align-left kksr-valign-bottom kksr-disabled\"\n    data-payload='{&quot;align&quot;:&quot;left&quot;,&quot;id&quot;:&quot;7203&quot;,&quot;readonly&quot;:&quot;1&quot;,&quot;slug&quot;:&quot;default&quot;,&quot;valign&quot;:&quot;bottom&quot;,&quot;ignore&quot;:&quot;&quot;,&quot;reference&quot;:&quot;auto&quot;,&quot;class&quot;:&quot;&quot;,&quot;count&quot;:&quot;0&quot;,&quot;legendonly&quot;:&quot;&quot;,&quot;score&quot;:&quot;0&quot;,&quot;starsonly&quot;:&quot;&quot;,&quot;best&quot;:&quot;5&quot;,&quot;gap&quot;:&quot;4&quot;,&quot;greet&quot;:&quot;Rate this product&quot;,&quot;legend&quot;:&quot;0\\\/5 - (0 votes)&quot;,&quot;size&quot;:&quot;24&quot;,&quot;title&quot;:&quot;downtown orlando scaffolding&quot;,&quot;width&quot;:&quot;0&quot;,&quot;_legend&quot;:&quot;{score}\\\/{best} - ({count} {votes})&quot;,&quot;font_factor&quot;:&quot;1.25&quot;}'>\n            \n<div class=\"kksr-stars\">\n    \n<div class=\"kksr-stars-inactive\">\n            <div class=\"kksr-star\" data-star=\"1\" style=\"padding-right: 4px\">\n            \n\n<div class=\"kksr-icon\" style=\"width: 24px; height: 24px;\"><\/div>\n        <\/div>\n            <div class=\"kksr-star\" data-star=\"2\" style=\"padding-right: 4px\">\n            \n\n<div class=\"kksr-icon\" style=\"width: 24px; height: 24px;\"><\/div>\n        <\/div>\n            <div class=\"kksr-star\" data-star=\"3\" style=\"padding-right: 4px\">\n            \n\n<div class=\"kksr-icon\" style=\"width: 24px; height: 24px;\"><\/div>\n        <\/div>\n            <div class=\"kksr-star\" data-star=\"4\" style=\"padding-right: 4px\">\n            \n\n<div class=\"kksr-icon\" style=\"width: 24px; height: 24px;\"><\/div>\n        <\/div>\n            <div class=\"kksr-star\" data-star=\"5\" style=\"padding-right: 4px\">\n            \n\n<div class=\"kksr-icon\" style=\"width: 24px; height: 24px;\"><\/div>\n        <\/div>\n    <\/div>\n    \n<div class=\"kksr-stars-active\" style=\"width: 0px;\">\n            <div class=\"kksr-star\" style=\"padding-right: 4px\">\n            \n\n<div class=\"kksr-icon\" style=\"width: 24px; height: 24px;\"><\/div>\n        <\/div>\n            <div class=\"kksr-star\" style=\"padding-right: 4px\">\n            \n\n<div class=\"kksr-icon\" style=\"width: 24px; height: 24px;\"><\/div>\n        <\/div>\n            <div class=\"kksr-star\" style=\"padding-right: 4px\">\n            \n\n<div class=\"kksr-icon\" style=\"width: 24px; height: 24px;\"><\/div>\n        <\/div>\n            <div class=\"kksr-star\" style=\"padding-right: 4px\">\n            \n\n<div class=\"kksr-icon\" style=\"width: 24px; height: 24px;\"><\/div>\n        <\/div>\n            <div class=\"kksr-star\" style=\"padding-right: 4px\">\n            \n\n<div class=\"kksr-icon\" style=\"width: 24px; height: 24px;\"><\/div>\n        <\/div>\n    <\/div>\n<\/div>\n                \n\n<div class=\"kksr-legend\" style=\"font-size: 19.2px;\">\n            <span class=\"kksr-muted\">Bewerten Sie dieses Produkt<\/span>\n    <\/div>\n    <\/div>","protected":false},"excerpt":{"rendered":"<p>Qingdao WanchengTai is a professional Scaffolding System factory, supplying Cuplock Scaffolding System and other Scaffolding products. Since its establishment, our company has been closely cooperating with many well-known metal manufacturers in China, and has established a strategic partnership, our product export to Asia, Liechtenstein,Syria,Spain,Faroe Islands country. It has always been at the forefront of domestic [&hellip;]<\/p>\n","protected":false},"featured_media":7133,"menu_order":0,"template":"","product_category":[113],"class_list":["post-7203","product","type-product","status-publish","has-post-thumbnail","hentry","product_category-test-category"],"acf":[],"_links":{"self":[{"href":"https:\/\/www.scaffoldmfg.com\/de\/wp-json\/wp\/v2\/product\/7203","targetHints":{"allow":["GET"]}}],"collection":[{"href":"https:\/\/www.scaffoldmfg.com\/de\/wp-json\/wp\/v2\/product"}],"about":[{"href":"https:\/\/www.scaffoldmfg.com\/de\/wp-json\/wp\/v2\/types\/product"}],"wp:featuredmedia":[{"embeddable":true,"href":"https:\/\/www.scaffoldmfg.com\/de\/wp-json\/wp\/v2\/media\/7133"}],"wp:attachment":[{"href":"https:\/\/www.scaffoldmfg.com\/de\/wp-json\/wp\/v2\/media?parent=7203"}],"wp:term":[{"taxonomy":"product_category","embeddable":true,"href":"https:\/\/www.scaffoldmfg.com\/de\/wp-json\/wp\/v2\/product_category?post=7203"}],"curies":[{"name":"wp","href":"https:\/\/api.w.org\/{rel}","templated":true}]}}