{"id":7143,"date":"2024-04-17T14:14:55","date_gmt":"2024-04-17T14:14:55","guid":{"rendered":"https:\/\/www.scaffoldmfg.com\/?post_type=product&#038;p=7143"},"modified":"2024-04-18T12:57:34","modified_gmt":"2024-04-18T12:57:34","slug":"siding-scaffolding","status":"publish","type":"product","link":"https:\/\/www.scaffoldmfg.com\/de\/product\/abstellgleisgerust\/","title":{"rendered":"Abstellgleisger\u00fcst"},"content":{"rendered":"<p>Qingdao WanchengTai, ein Hersteller von Ger\u00fcstsystemen, ist seit mehr als 20 Jahren im Dienste der Bauindustrie t\u00e4tig und engagiert sich f\u00fcr die Lieferung diversifizierter Ger\u00fcstprodukte in die ganze Welt. Das Unternehmen exportiert nach Asien, Amerika, Bhutan, Saint Pierre und Miquelon, Kamerun, Tromelin Island, Slowenien, Sambia und andere L\u00e4nder und Regionen mit gro\u00dfen Mengen.Wir haben uns an alles gehalten. Wir konzentrieren uns auf die Kundenbed\u00fcrfnisse, wir konzentrieren uns auf Produkte und Dienstleistungen, um den Kunden zu helfen, den Markt zu entwickeln und die Produkt- und Preisanforderungen des Marktes zu erf\u00fcllen.Unsere Hauptprodukte: Ger\u00fcstleitern, Ger\u00fcstb\u00f6cke, Ger\u00fcsttreppen, verschiedene Arten von Ger\u00fcsten, Ger\u00fcstzubeh\u00f6r usw.<\/p>\n<table class=\"table  table-bordered text-center\">\n<thead><\/thead>\n<tbody>\n<tr>\n<td>Name des Produkts<\/td>\n<td>Abstellgleisger\u00fcst<\/td>\n<\/tr>\n<tr>\n<td>Teil Nr.<\/td>\n<td>WTSTHR-2191<\/td>\n<\/tr>\n<tr>\n<td>Nachverkaufs-Service<\/td>\n<td>Technische Online-Unterst\u00fctzung<\/td>\n<\/tr>\n<tr>\n<td>Projektl\u00f6sungskompetenz<\/td>\n<td>Grafikdesign, Gesamtl\u00f6sung f\u00fcr Projekte<\/td>\n<\/tr>\n<tr>\n<td>Typ<\/td>\n<td>Sockel &amp; Buchsen\u00a0<\/td>\n<\/tr>\n<tr>\n<td>Garantie<\/td>\n<td>5 Jahre<\/td>\n<\/tr>\n<tr>\n<td>Nachverkaufs-Service<\/td>\n<td>Technische Online-Unterst\u00fctzung<\/td>\n<\/tr>\n<tr>\n<td>Anmeldung<\/td>\n<td>Wohnung, Hochbau, Wohnung, Bauprojekt<\/td>\n<\/tr>\n<tr>\n<td>Design-Stil<\/td>\n<td>Industriell<\/td>\n<\/tr>\n<tr>\n<td>Ort der Herkunft<\/td>\n<td>Qingdao, China<\/td>\n<\/tr>\n<tr>\n<td>Modellnummer<\/td>\n<td>Ger\u00fcstsystem - 581<\/td>\n<\/tr>\n<tr>\n<td>Material<\/td>\n<td>Steel Q355\/Q235\/Q195\/Q235\/S235JR<\/td>\n<\/tr>\n<tr>\n<td>Oberfl\u00e4chenbehandlung<\/td>\n<td>feuerverzinkt<\/td>\n<\/tr>\n<tr>\n<td>Farbe<\/td>\n<td>Kundenanforderungen<\/td>\n<\/tr>\n<tr>\n<td>Gr\u00f6\u00dfe<\/td>\n<td>Feldl\u00e4nge 2,1 mm, Hubh\u00f6he 1,7 mm, Breite 538 mm \/ Standardgr\u00f6\u00dfe<\/td>\n<\/tr>\n<\/tbody>\n<\/table>\n<p>&nbsp;<\/p>\n<p style=\"text-align: center;\"><b>Abstellgleis Ger\u00fcstbau Workshop<\/b><\/p>\n<p style=\"text-align: center;\"><img title=\"Abstellgleisger\u00fcst\" src=\"https:\/\/www.scaffoldmfg.com\/wp-content\/uploads\/2024\/04\/Scaffolding-system-11.jpg\" \/><\/p>\n<p>&nbsp;<\/p>\n<p style=\"text-align: center;\"><img title=\"Abstellgleisger\u00fcst\" src=\"https:\/\/www.scaffoldmfg.com\/wp-content\/uploads\/2024\/04\/Scaffolding-system-3.jpg\" \/><\/p>\n<p style=\"text-align: center;\"><b>Ger\u00fcstsystem<\/b><\/p>\n<p style=\"text-align: center;\"><img title=\"Abstellgleisger\u00fcst\" src=\"https:\/\/www.scaffoldmfg.com\/wp-content\/uploads\/2024\/04\/Scaffolding-system-4.jpg\" \/><\/p>\n<p>&nbsp;<\/p>\n<p style=\"text-align: center;\"><img title=\"Abstellgleisger\u00fcst\" src=\"https:\/\/www.scaffoldmfg.com\/wp-content\/uploads\/2024\/04\/Scaffolding-system-5.jpg\" \/><\/p>\n<p style=\"text-align: center;\"><b>Abstellgleis Ger\u00fcst Prdduktion Prozess<\/b><\/p>\n<p style=\"text-align: center;\"><img title=\"Abstellgleisger\u00fcst\" src=\"https:\/\/www.scaffoldmfg.com\/wp-content\/uploads\/2024\/04\/Scaffolding-system-6.jpg\" \/><\/p>\n<p>&nbsp;<\/p>\n<p style=\"text-align: center;\"><img title=\"Abstellgleisger\u00fcst\" src=\"https:\/\/www.scaffoldmfg.com\/wp-content\/uploads\/2024\/04\/Scaffolding-system-7.jpg\" \/><\/p>\n<p style=\"text-align: center;\"><b>Nach Industriesektoren<\/b><\/p>\n<p style=\"text-align: center;\"><img title=\"Abstellgleisger\u00fcst\" src=\"https:\/\/www.scaffoldmfg.com\/wp-content\/uploads\/2024\/04\/Scaffolding-system-9.jpg\" \/><\/p>\n<p>&nbsp;<\/p>\n<p style=\"text-align: center;\"><img title=\"Abstellgleisger\u00fcst\" src=\"https:\/\/www.scaffoldmfg.com\/wp-content\/uploads\/2024\/04\/Scaffolding-system-12.jpg\" \/><\/p>\n<p>&nbsp;<\/p>\n\n\n<div class=\"kk-star-ratings kksr-auto kksr-align-left kksr-valign-bottom kksr-disabled\"\n    data-payload='{&quot;align&quot;:&quot;left&quot;,&quot;id&quot;:&quot;7143&quot;,&quot;readonly&quot;:&quot;1&quot;,&quot;slug&quot;:&quot;default&quot;,&quot;valign&quot;:&quot;bottom&quot;,&quot;ignore&quot;:&quot;&quot;,&quot;reference&quot;:&quot;auto&quot;,&quot;class&quot;:&quot;&quot;,&quot;count&quot;:&quot;0&quot;,&quot;legendonly&quot;:&quot;&quot;,&quot;score&quot;:&quot;0&quot;,&quot;starsonly&quot;:&quot;&quot;,&quot;best&quot;:&quot;5&quot;,&quot;gap&quot;:&quot;4&quot;,&quot;greet&quot;:&quot;Rate this product&quot;,&quot;legend&quot;:&quot;0\\\/5 - (0 votes)&quot;,&quot;size&quot;:&quot;24&quot;,&quot;title&quot;:&quot;siding scaffolding&quot;,&quot;width&quot;:&quot;0&quot;,&quot;_legend&quot;:&quot;{score}\\\/{best} - ({count} {votes})&quot;,&quot;font_factor&quot;:&quot;1.25&quot;}'>\n            \n<div class=\"kksr-stars\">\n    \n<div class=\"kksr-stars-inactive\">\n            <div class=\"kksr-star\" data-star=\"1\" style=\"padding-right: 4px\">\n            \n\n<div class=\"kksr-icon\" style=\"width: 24px; height: 24px;\"><\/div>\n        <\/div>\n            <div class=\"kksr-star\" data-star=\"2\" style=\"padding-right: 4px\">\n            \n\n<div class=\"kksr-icon\" style=\"width: 24px; height: 24px;\"><\/div>\n        <\/div>\n            <div class=\"kksr-star\" data-star=\"3\" style=\"padding-right: 4px\">\n            \n\n<div class=\"kksr-icon\" style=\"width: 24px; height: 24px;\"><\/div>\n        <\/div>\n            <div class=\"kksr-star\" data-star=\"4\" style=\"padding-right: 4px\">\n            \n\n<div class=\"kksr-icon\" style=\"width: 24px; height: 24px;\"><\/div>\n        <\/div>\n            <div class=\"kksr-star\" data-star=\"5\" style=\"padding-right: 4px\">\n            \n\n<div class=\"kksr-icon\" style=\"width: 24px; height: 24px;\"><\/div>\n        <\/div>\n    <\/div>\n    \n<div class=\"kksr-stars-active\" style=\"width: 0px;\">\n            <div class=\"kksr-star\" style=\"padding-right: 4px\">\n            \n\n<div class=\"kksr-icon\" style=\"width: 24px; height: 24px;\"><\/div>\n        <\/div>\n            <div class=\"kksr-star\" style=\"padding-right: 4px\">\n            \n\n<div class=\"kksr-icon\" style=\"width: 24px; height: 24px;\"><\/div>\n        <\/div>\n            <div class=\"kksr-star\" style=\"padding-right: 4px\">\n            \n\n<div class=\"kksr-icon\" style=\"width: 24px; height: 24px;\"><\/div>\n        <\/div>\n            <div class=\"kksr-star\" style=\"padding-right: 4px\">\n            \n\n<div class=\"kksr-icon\" style=\"width: 24px; height: 24px;\"><\/div>\n        <\/div>\n            <div class=\"kksr-star\" style=\"padding-right: 4px\">\n            \n\n<div class=\"kksr-icon\" style=\"width: 24px; height: 24px;\"><\/div>\n        <\/div>\n    <\/div>\n<\/div>\n                \n\n<div class=\"kksr-legend\" style=\"font-size: 19.2px;\">\n            <span class=\"kksr-muted\">Bewerten Sie dieses Produkt<\/span>\n    <\/div>\n    <\/div>","protected":false},"excerpt":{"rendered":"<p>Qingdao WanchengTai, a Scaffolding System manufacturer has been serving the building industry for a combined period of more than 20 years and is committed to supplying diversified scaffolding products to the world. it has exported to the Asia,America, Bhutan,Saint Pierre and Miquelon,Cameroon,Tromelin Island,Slovenia,Zambia, and other countries and regions with big quantity.We has been adhering to [&hellip;]<\/p>\n","protected":false},"featured_media":7133,"menu_order":0,"template":"","product_category":[113],"class_list":["post-7143","product","type-product","status-publish","has-post-thumbnail","hentry","product_category-test-category"],"acf":[],"_links":{"self":[{"href":"https:\/\/www.scaffoldmfg.com\/de\/wp-json\/wp\/v2\/product\/7143","targetHints":{"allow":["GET"]}}],"collection":[{"href":"https:\/\/www.scaffoldmfg.com\/de\/wp-json\/wp\/v2\/product"}],"about":[{"href":"https:\/\/www.scaffoldmfg.com\/de\/wp-json\/wp\/v2\/types\/product"}],"wp:featuredmedia":[{"embeddable":true,"href":"https:\/\/www.scaffoldmfg.com\/de\/wp-json\/wp\/v2\/media\/7133"}],"wp:attachment":[{"href":"https:\/\/www.scaffoldmfg.com\/de\/wp-json\/wp\/v2\/media?parent=7143"}],"wp:term":[{"taxonomy":"product_category","embeddable":true,"href":"https:\/\/www.scaffoldmfg.com\/de\/wp-json\/wp\/v2\/product_category?post=7143"}],"curies":[{"name":"wp","href":"https:\/\/api.w.org\/{rel}","templated":true}]}}